{"id":13980,"date":"2023-11-06T13:20:35","date_gmt":"2023-11-06T12:20:35","guid":{"rendered":"https:\/\/comatonline.com\/?page_id=13980"},"modified":"2023-10-10T12:35:19","modified_gmt":"2023-10-10T10:35:19","slug":"planifiez-votre-reunion","status":"publish","type":"page","link":"https:\/\/comatonline.com\/fr\/planifiez-votre-reunion\/","title":{"rendered":"Planifiez votre r\u00e9union"},"content":{"rendered":"\t\t<div data-elementor-type=\"wp-page\" data-elementor-id=\"13980\" data-post-id=\"13980\" data-obj-id=\"13980\" class=\"elementor elementor-13980 dce-elementor-post-13980 elementor-7513\">\n\t\t\t\t\t\t\t\t\t<section class=\"elementor-section elementor-top-section elementor-element elementor-element-328a045 elementor-section-full_width elementor-section-height-default elementor-section-height-default\" data-id=\"328a045\" data-element_type=\"section\" data-settings=\"{&quot;background_background&quot;:&quot;classic&quot;,&quot;jet_parallax_layout_list&quot;:[]}\">\n\t\t\t\t\t\t\t<div class=\"elementor-background-overlay\"><\/div>\n\t\t\t\t\t\t\t<div class=\"elementor-container elementor-column-gap-default\">\n\t\t\t\t\t<div class=\"elementor-column elementor-col-100 elementor-top-column elementor-element elementor-element-4553ebd\" data-id=\"4553ebd\" data-element_type=\"column\">\n\t\t\t<div class=\"elementor-widget-wrap\">\n\t\t\t\t\t\t\t\t\t<\/div>\n\t\t<\/div>\n\t\t\t\t\t\t\t<\/div>\n\t\t<\/section>\n\t\t\t\t<section class=\"elementor-section elementor-top-section elementor-element elementor-element-c8c9d42 elementor-section-boxed elementor-section-height-default elementor-section-height-default\" data-id=\"c8c9d42\" data-element_type=\"section\" data-settings=\"{&quot;background_background&quot;:&quot;classic&quot;,&quot;jet_parallax_layout_list&quot;:[]}\">\n\t\t\t\t\t\t<div class=\"elementor-container elementor-column-gap-default\">\n\t\t\t\t\t<div class=\"elementor-column elementor-col-100 elementor-top-column elementor-element elementor-element-63ee5f0\" data-id=\"63ee5f0\" data-element_type=\"column\">\n\t\t\t<div class=\"elementor-widget-wrap elementor-element-populated\">\n\t\t\t\t\t\t\t\t<div class=\"elementor-element elementor-element-f5bd22b elementor-widget elementor-widget-breadcrumbs\" data-id=\"f5bd22b\" data-element_type=\"widget\" data-widget_type=\"breadcrumbs.default\">\n\t\t\t\t<div class=\"elementor-widget-container\">\n\t\t\t<p id=\"breadcrumbs\"><span><span><a href=\"https:\/\/comatonline.com\/fr\/\">Home<\/a><\/span><\/span><\/p>\t\t<\/div>\n\t\t\t\t<\/div>\n\t\t\t\t\t<\/div>\n\t\t<\/div>\n\t\t\t\t\t\t\t<\/div>\n\t\t<\/section>\n\t\t\t\t<section class=\"elementor-section elementor-top-section elementor-element elementor-element-157ef22 elementor-section-boxed elementor-section-height-default elementor-section-height-default\" data-id=\"157ef22\" data-element_type=\"section\" data-settings=\"{&quot;jet_parallax_layout_list&quot;:[]}\">\n\t\t\t\t\t\t<div class=\"elementor-container elementor-column-gap-default\">\n\t\t\t\t\t<div class=\"elementor-column elementor-col-50 elementor-top-column elementor-element elementor-element-3457b64\" data-id=\"3457b64\" data-element_type=\"column\">\n\t\t\t<div class=\"elementor-widget-wrap elementor-element-populated\">\n\t\t\t\t\t\t\t\t<div class=\"elementor-element elementor-element-97b4a36 aleft elementor-widget elementor-widget-wgl-double-heading\" data-id=\"97b4a36\" data-element_type=\"widget\" data-widget_type=\"wgl-double-heading.default\">\n\t\t\t\t<div class=\"elementor-widget-container\">\n\t\t\t<div class=\"wgl-double-heading\"><h3 class=\"dblh__title-wrapper\"><span class=\"dblh__title dblh__title-1\">Planifiez votre r\u00e9union<\/span><\/h3><\/div>\t\t<\/div>\n\t\t\t\t<\/div>\n\t\t\t\t<div class=\"elementor-element elementor-element-3078e2f divider-yes aleft elementor-widget elementor-widget-wgl-double-heading\" data-id=\"3078e2f\" data-element_type=\"widget\" data-widget_type=\"wgl-double-heading.default\">\n\t\t\t\t<div class=\"elementor-widget-container\">\n\t\t\t<div class=\"wgl-double-heading\"><div class=\"dblh__subtitle\"><span>Planifiez votre r\u00e9union<\/span><\/div><div class=\"dblh__divider\"><\/div><\/div>\t\t<\/div>\n\t\t\t\t<\/div>\n\t\t\t\t<div class=\"elementor-element elementor-element-b963786 elementor-widget elementor-widget-text-editor\" data-id=\"b963786\" data-element_type=\"widget\" data-widget_type=\"text-editor.default\">\n\t\t\t\t<div class=\"elementor-widget-container\">\n\t\t\t\t\t\t\t<p>Remplissez le formulaire en indiquant le jour disponible et l&#8217;heure pr\u00e9f\u00e9rable pour votre r\u00e9union. Vous serez contact\u00e9 dans les 24 heures ouvrables pour confirmer ou planifier votre r\u00e9union.<\/p><p><strong>Il est possible de demander une r\u00e9union du lundi au vendredi de 10h00 \u00e0 12h00.<\/strong><\/p>\t\t\t\t\t\t<\/div>\n\t\t\t\t<\/div>\n\t\t\t\t\t<\/div>\n\t\t<\/div>\n\t\t\t\t<div class=\"elementor-column elementor-col-50 elementor-top-column elementor-element elementor-element-8f14261\" data-id=\"8f14261\" data-element_type=\"column\" data-settings=\"{&quot;background_background&quot;:&quot;classic&quot;}\">\n\t\t\t<div class=\"elementor-widget-wrap elementor-element-populated\">\n\t\t\t\t\t\t\t\t<div class=\"elementor-element elementor-element-ff19c59 aleft elementor-widget elementor-widget-wgl-double-heading\" data-id=\"ff19c59\" data-element_type=\"widget\" data-widget_type=\"wgl-double-heading.default\">\n\t\t\t\t<div class=\"elementor-widget-container\">\n\t\t\t<div class=\"wgl-double-heading\"><h3 class=\"dblh__title-wrapper\"><span class=\"dblh__title dblh__title-1\">Remplissez le formulaire<\/span><\/h3><\/div>\t\t<\/div>\n\t\t\t\t<\/div>\n\t\t\t\t<div class=\"elementor-element elementor-element-4ebd187 elementor-widget elementor-widget-text-editor\" data-id=\"4ebd187\" data-element_type=\"widget\" data-widget_type=\"text-editor.default\">\n\t\t\t\t<div class=\"elementor-widget-container\">\n\t\t\t\t\t\t\t<p>Demandez une r\u00e9union! Laissez vos donn\u00e9es ci-dessous, s\u00e9lectionnez le jour et la date que vous pr\u00e9f\u00e9rez.<\/p>\t\t\t\t\t\t<\/div>\n\t\t\t\t<\/div>\n\t\t\t\t<div class=\"elementor-element elementor-element-82d2c86 aleft elementor-widget elementor-widget-wgl-contact-form-7\" data-id=\"82d2c86\" data-element_type=\"widget\" data-widget_type=\"wgl-contact-form-7.default\">\n\t\t\t\t<div class=\"elementor-widget-container\">\n\t\t\t<div class=\"wgl-contact-form-7\">\n<div class=\"wpcf7 no-js\" id=\"wpcf7-f13041-o1\" lang=\"fr-FR\" dir=\"ltr\" data-wpcf7-id=\"13041\">\n<div class=\"screen-reader-response\"><p role=\"status\" aria-live=\"polite\" aria-atomic=\"true\"><\/p> <ul><\/ul><\/div>\n<form action=\"\/fr\/wp-json\/wp\/v2\/pages\/13980#wpcf7-f13041-o1\" method=\"post\" class=\"wpcf7-form init\" aria-label=\"Formulaire de contact\" novalidate=\"novalidate\" data-status=\"init\">\n<fieldset class=\"hidden-fields-container\"><input type=\"hidden\" name=\"_wpcf7\" value=\"13041\" \/><input type=\"hidden\" name=\"_wpcf7_version\" value=\"6.1\" \/><input type=\"hidden\" name=\"_wpcf7_locale\" value=\"fr_FR\" \/><input type=\"hidden\" name=\"_wpcf7_unit_tag\" value=\"wpcf7-f13041-o1\" \/><input type=\"hidden\" name=\"_wpcf7_container_post\" value=\"0\" \/><input type=\"hidden\" name=\"_wpcf7_posted_data_hash\" value=\"\" \/>\n<\/fieldset>\n<div class='row'>\n\t<div class='wgl_col-6'>\n\t\t<p><span class=\"wpcf7-form-control-wrap\" data-name=\"contact-name\"><input size=\"40\" maxlength=\"400\" class=\"wpcf7-form-control wpcf7-text\" aria-invalid=\"false\" placeholder=\"Nom du contact\" value=\"\" type=\"text\" name=\"contact-name\" \/><\/span>\n\t\t<\/p>\n\t<\/div>\n\t<div class='wgl_col-6'>\n\t\t<p><span class=\"wpcf7-form-control-wrap\" data-name=\"company-name\"><input size=\"40\" maxlength=\"400\" class=\"wpcf7-form-control wpcf7-text wpcf7-validates-as-required\" aria-required=\"true\" aria-invalid=\"false\" placeholder=\"Nom de l&#039;entreprise\" value=\"\" type=\"text\" name=\"company-name\" \/><\/span>\n\t\t<\/p>\n\t<\/div>\n\t<div class='wgl_col-6'>\n\t\t<p><span class=\"wpcf7-form-control-wrap\" data-name=\"phone\"><input size=\"40\" maxlength=\"400\" class=\"wpcf7-form-control wpcf7-text\" aria-invalid=\"false\" placeholder=\"T\u00e9l\u00e9phone\" value=\"\" type=\"text\" name=\"phone\" \/><\/span>\n\t\t<\/p>\n\t<\/div>\n\t<div class='wgl_col-6'>\n\t\t<p><span class=\"wpcf7-form-control-wrap\" data-name=\"email\"><input size=\"40\" maxlength=\"400\" class=\"wpcf7-form-control wpcf7-email wpcf7-validates-as-required wpcf7-text wpcf7-validates-as-email\" aria-required=\"true\" aria-invalid=\"false\" placeholder=\"E-mail\" value=\"\" type=\"email\" name=\"email\" \/><\/span>\n\t\t<\/p>\n\t<\/div>\n\t<div class='wgl_col-6'>\n\t\t<p><span class=\"wpcf7-form-control-wrap\" data-name=\"day-appointment\"><input class=\"wpcf7-form-control wpcf7-date wpcf7-validates-as-required wpcf7-validates-as-date\" aria-required=\"true\" aria-invalid=\"false\" value=\"\" type=\"date\" name=\"day-appointment\" \/><\/span>\n\t\t<\/p>\n\t<\/div>\n\t<div class='wgl_col-6'>\n\t\t<p><span class=\"wpcf7-form-control-wrap\" data-name=\"hour-appointment\"><select class=\"wpcf7-form-control wpcf7-select\" aria-invalid=\"false\" name=\"hour-appointment\"><option value=\"10:00 - 11:00\">10:00 - 11:00<\/option><option value=\"11:00 - 12:00\">11:00 - 12:00<\/option><\/select><\/span>\n\t\t<\/p>\n\t<\/div>\n\t<div class='wgl_col-12'>\n\t\t<p><span class=\"wpcf7-form-control-wrap\" data-name=\"type-request\"><select class=\"wpcf7-form-control wpcf7-select wpcf7-validates-as-required\" aria-required=\"true\" aria-invalid=\"false\" name=\"type-request\"><option value=\"Demande g\u00e9n\u00e9rique\">Demande g\u00e9n\u00e9rique<\/option><option value=\"Je souhaite conna\u00eetre les prix et les caract\u00e9ristiques des machines\/lignes\">Je souhaite conna\u00eetre les prix et les caract\u00e9ristiques des machines\/lignes<\/option><option value=\"Je souhaite contacter le responsable commercial\">Je souhaite contacter le responsable commercial<\/option><option value=\"Je souhaite contacter le bureau administratif\">Je souhaite contacter le bureau administratif<\/option><option value=\"Contacter le service marketing pour soumettre des offres ou de la documentation\">Contacter le service marketing pour soumettre des offres ou de la documentation<\/option><option value=\"Autre type de demande\">Autre type de demande<\/option><\/select><\/span>\n\t\t<\/p>\n\t<\/div>\n\t<div class='wgl_col-12'>\n\t\t<p><span class=\"wpcf7-form-control-wrap\" data-name=\"label-textarea\"><textarea cols=\"40\" rows=\"10\" maxlength=\"2000\" class=\"wpcf7-form-control wpcf7-textarea\" aria-invalid=\"false\" placeholder=\"Message\" name=\"label-textarea\"><\/textarea><\/span>\n\t\t<\/p>\n\t<\/div>\n\t<div class='wgl_col-12'>\n\t\t<p><span class=\"wpcf7-form-control-wrap\" data-name=\"check-privacy\"><span class=\"wpcf7-form-control wpcf7-acceptance\"><span class=\"wpcf7-list-item\"><label><input type=\"checkbox\" name=\"check-privacy\" value=\"1\" aria-invalid=\"false\" \/><span class=\"wpcf7-list-item-label\">En remplissant le formulaire suivant, vous autorisez l'utilisation de vos donn\u00e9es personnelles conform\u00e9ment au R\u00e8glement Confidentialit\u00e9 2016\/679\/UE (R\u00e8glement G\u00e9n\u00e9ral sur la Protection des Donn\u00e9es - ci-apr\u00e8s RGPD). <a target=\"_blank\" href=\"https:\/\/comatonline.com\/fr\/privacy-policy\">Lire la politique de confidentialit\u00e9 de Comat<\/a><\/span><\/label><\/span><\/span><\/span>\n\t\t<\/p>\n\t<\/div>\n\t<div class='wgl_col-12'>\n\t\t<p><input class=\"wpcf7-form-control wpcf7-submit has-spinner\" type=\"submit\" value=\"ENVOYER LE MESSAGE\" \/>\n\t\t<\/p>\n\t<\/div>\n<\/div><div class=\"wpcf7-response-output\" aria-hidden=\"true\"><\/div>\n<\/form>\n<\/div>\n<\/div>\t\t<\/div>\n\t\t\t\t<\/div>\n\t\t\t\t\t<\/div>\n\t\t<\/div>\n\t\t\t\t\t\t\t<\/div>\n\t\t<\/section>\n\t\t\t\t\t\t\t<\/div>\n\t\t","protected":false},"excerpt":{"rendered":"<p>Planifiez votre r\u00e9union Planifiez votre r\u00e9union Remplissez le formulaire en indiquant le jour disponible et l&#8217;heure pr\u00e9f\u00e9rable pour votre r\u00e9union. Vous serez contact\u00e9 dans les 24 heures ouvrables pour confirmer ou planifier votre r\u00e9union. Il est possible de demander une r\u00e9union du lundi au vendredi de 10h00 \u00e0 12h00. Remplissez le formulaire Demandez une r\u00e9union! [&hellip;]<\/p>\n","protected":false},"author":1,"featured_media":0,"parent":0,"menu_order":99,"comment_status":"closed","ping_status":"closed","template":"","meta":{"footnotes":""},"class_list":["post-13980","page","type-page","status-publish","hentry"],"acf":[],"yoast_head":"<!-- This site is optimized with the Yoast SEO plugin v25.4 - https:\/\/yoast.com\/wordpress\/plugins\/seo\/ -->\n<title>Planifiez votre r\u00e9union - COMAT<\/title>\n<meta name=\"robots\" content=\"index, follow, max-snippet:-1, max-image-preview:large, max-video-preview:-1\" \/>\n<link rel=\"canonical\" href=\"https:\/\/comatonline.com\/fr\/planifiez-votre-reunion\/\" \/>\n<meta property=\"og:locale\" content=\"fr_FR\" \/>\n<meta property=\"og:type\" content=\"article\" \/>\n<meta property=\"og:title\" content=\"Planifiez votre r\u00e9union - COMAT\" \/>\n<meta property=\"og:description\" content=\"Planifiez votre r\u00e9union Planifiez votre r\u00e9union Remplissez le formulaire en indiquant le jour disponible et l&#8217;heure pr\u00e9f\u00e9rable pour votre r\u00e9union. Vous serez contact\u00e9 dans les 24 heures ouvrables pour confirmer ou planifier votre r\u00e9union. Il est possible de demander une r\u00e9union du lundi au vendredi de 10h00 \u00e0 12h00. Remplissez le formulaire Demandez une r\u00e9union! [&hellip;]\" \/>\n<meta property=\"og:url\" content=\"https:\/\/comatonline.com\/fr\/planifiez-votre-reunion\/\" \/>\n<meta property=\"og:site_name\" content=\"COMAT\" \/>\n<meta property=\"article:publisher\" content=\"https:\/\/www.facebook.com\/comatmachinery\" \/>\n<meta property=\"og:image\" content=\"https:\/\/comatonline.com\/wp-content\/uploads\/2023\/10\/hp-comat.jpg\" \/>\n\t<meta property=\"og:image:width\" content=\"1200\" \/>\n\t<meta property=\"og:image:height\" content=\"675\" \/>\n\t<meta property=\"og:image:type\" content=\"image\/jpeg\" \/>\n<script type=\"application\/ld+json\" class=\"yoast-schema-graph\">{\"@context\":\"https:\/\/schema.org\",\"@graph\":[{\"@type\":\"WebPage\",\"@id\":\"https:\/\/comatonline.com\/fr\/planifiez-votre-reunion\/\",\"url\":\"https:\/\/comatonline.com\/fr\/planifiez-votre-reunion\/\",\"name\":\"Planifiez votre r\u00e9union - COMAT\",\"isPartOf\":{\"@id\":\"https:\/\/comatonline.com\/fr\/#website\"},\"datePublished\":\"2023-11-06T12:20:35+00:00\",\"breadcrumb\":{\"@id\":\"https:\/\/comatonline.com\/fr\/planifiez-votre-reunion\/#breadcrumb\"},\"inLanguage\":\"fr-FR\",\"potentialAction\":[{\"@type\":\"ReadAction\",\"target\":[\"https:\/\/comatonline.com\/fr\/planifiez-votre-reunion\/\"]}]},{\"@type\":\"BreadcrumbList\",\"@id\":\"https:\/\/comatonline.com\/fr\/planifiez-votre-reunion\/#breadcrumb\",\"itemListElement\":[{\"@type\":\"ListItem\",\"position\":1,\"name\":\"Home\",\"item\":\"https:\/\/comatonline.com\/fr\/\"},{\"@type\":\"ListItem\",\"position\":2,\"name\":\"Planifiez votre r\u00e9union\"}]},{\"@type\":\"WebSite\",\"@id\":\"https:\/\/comatonline.com\/fr\/#website\",\"url\":\"https:\/\/comatonline.com\/fr\/\",\"name\":\"Comat Dairy Equipment\",\"description\":\"machines for mozzarella, pizza cheese and string cheese\",\"publisher\":{\"@id\":\"https:\/\/comatonline.com\/fr\/#organization\"},\"alternateName\":\"Machines for mozzarella, pizza cheese and string cheese\",\"potentialAction\":[{\"@type\":\"SearchAction\",\"target\":{\"@type\":\"EntryPoint\",\"urlTemplate\":\"https:\/\/comatonline.com\/fr\/?s={search_term_string}\"},\"query-input\":{\"@type\":\"PropertyValueSpecification\",\"valueRequired\":true,\"valueName\":\"search_term_string\"}}],\"inLanguage\":\"fr-FR\"},{\"@type\":\"Organization\",\"@id\":\"https:\/\/comatonline.com\/fr\/#organization\",\"name\":\"Comat Dairy Equipment\",\"alternateName\":\"Machines for mozzarella, pizza cheese and string cheese\",\"url\":\"https:\/\/comatonline.com\/fr\/\",\"logo\":{\"@type\":\"ImageObject\",\"inLanguage\":\"fr-FR\",\"@id\":\"https:\/\/comatonline.com\/fr\/#\/schema\/logo\/image\/\",\"url\":\"https:\/\/comatonline.com\/wp-content\/uploads\/2023\/10\/hp-comat-2.jpg\",\"contentUrl\":\"https:\/\/comatonline.com\/wp-content\/uploads\/2023\/10\/hp-comat-2.jpg\",\"width\":696,\"height\":696,\"caption\":\"Comat Dairy Equipment\"},\"image\":{\"@id\":\"https:\/\/comatonline.com\/fr\/#\/schema\/logo\/image\/\"},\"sameAs\":[\"https:\/\/www.facebook.com\/comatmachinery\",\"https:\/\/www.linkedin.com\/company\/comatgroup\/\",\"https:\/\/www.instagram.com\/comat_group\/\",\"https:\/\/www.youtube.com\/user\/comatdairyequipment\"]}]}<\/script>\n<!-- \/ Yoast SEO plugin. -->","yoast_head_json":{"title":"Planifiez votre r\u00e9union - COMAT","robots":{"index":"index","follow":"follow","max-snippet":"max-snippet:-1","max-image-preview":"max-image-preview:large","max-video-preview":"max-video-preview:-1"},"canonical":"https:\/\/comatonline.com\/fr\/planifiez-votre-reunion\/","og_locale":"fr_FR","og_type":"article","og_title":"Planifiez votre r\u00e9union - COMAT","og_description":"Planifiez votre r\u00e9union Planifiez votre r\u00e9union Remplissez le formulaire en indiquant le jour disponible et l&#8217;heure pr\u00e9f\u00e9rable pour votre r\u00e9union. Vous serez contact\u00e9 dans les 24 heures ouvrables pour confirmer ou planifier votre r\u00e9union. Il est possible de demander une r\u00e9union du lundi au vendredi de 10h00 \u00e0 12h00. Remplissez le formulaire Demandez une r\u00e9union! [&hellip;]","og_url":"https:\/\/comatonline.com\/fr\/planifiez-votre-reunion\/","og_site_name":"COMAT","article_publisher":"https:\/\/www.facebook.com\/comatmachinery","og_image":[{"width":1200,"height":675,"url":"https:\/\/comatonline.com\/wp-content\/uploads\/2023\/10\/hp-comat.jpg","type":"image\/jpeg"}],"schema":{"@context":"https:\/\/schema.org","@graph":[{"@type":"WebPage","@id":"https:\/\/comatonline.com\/fr\/planifiez-votre-reunion\/","url":"https:\/\/comatonline.com\/fr\/planifiez-votre-reunion\/","name":"Planifiez votre r\u00e9union - COMAT","isPartOf":{"@id":"https:\/\/comatonline.com\/fr\/#website"},"datePublished":"2023-11-06T12:20:35+00:00","breadcrumb":{"@id":"https:\/\/comatonline.com\/fr\/planifiez-votre-reunion\/#breadcrumb"},"inLanguage":"fr-FR","potentialAction":[{"@type":"ReadAction","target":["https:\/\/comatonline.com\/fr\/planifiez-votre-reunion\/"]}]},{"@type":"BreadcrumbList","@id":"https:\/\/comatonline.com\/fr\/planifiez-votre-reunion\/#breadcrumb","itemListElement":[{"@type":"ListItem","position":1,"name":"Home","item":"https:\/\/comatonline.com\/fr\/"},{"@type":"ListItem","position":2,"name":"Planifiez votre r\u00e9union"}]},{"@type":"WebSite","@id":"https:\/\/comatonline.com\/fr\/#website","url":"https:\/\/comatonline.com\/fr\/","name":"Comat Dairy Equipment","description":"machines for mozzarella, pizza cheese and string cheese","publisher":{"@id":"https:\/\/comatonline.com\/fr\/#organization"},"alternateName":"Machines for mozzarella, pizza cheese and string cheese","potentialAction":[{"@type":"SearchAction","target":{"@type":"EntryPoint","urlTemplate":"https:\/\/comatonline.com\/fr\/?s={search_term_string}"},"query-input":{"@type":"PropertyValueSpecification","valueRequired":true,"valueName":"search_term_string"}}],"inLanguage":"fr-FR"},{"@type":"Organization","@id":"https:\/\/comatonline.com\/fr\/#organization","name":"Comat Dairy Equipment","alternateName":"Machines for mozzarella, pizza cheese and string cheese","url":"https:\/\/comatonline.com\/fr\/","logo":{"@type":"ImageObject","inLanguage":"fr-FR","@id":"https:\/\/comatonline.com\/fr\/#\/schema\/logo\/image\/","url":"https:\/\/comatonline.com\/wp-content\/uploads\/2023\/10\/hp-comat-2.jpg","contentUrl":"https:\/\/comatonline.com\/wp-content\/uploads\/2023\/10\/hp-comat-2.jpg","width":696,"height":696,"caption":"Comat Dairy Equipment"},"image":{"@id":"https:\/\/comatonline.com\/fr\/#\/schema\/logo\/image\/"},"sameAs":["https:\/\/www.facebook.com\/comatmachinery","https:\/\/www.linkedin.com\/company\/comatgroup\/","https:\/\/www.instagram.com\/comat_group\/","https:\/\/www.youtube.com\/user\/comatdairyequipment"]}]}},"_links":{"self":[{"href":"https:\/\/comatonline.com\/fr\/wp-json\/wp\/v2\/pages\/13980","targetHints":{"allow":["GET"]}}],"collection":[{"href":"https:\/\/comatonline.com\/fr\/wp-json\/wp\/v2\/pages"}],"about":[{"href":"https:\/\/comatonline.com\/fr\/wp-json\/wp\/v2\/types\/page"}],"author":[{"embeddable":true,"href":"https:\/\/comatonline.com\/fr\/wp-json\/wp\/v2\/users\/1"}],"replies":[{"embeddable":true,"href":"https:\/\/comatonline.com\/fr\/wp-json\/wp\/v2\/comments?post=13980"}],"version-history":[{"count":4,"href":"https:\/\/comatonline.com\/fr\/wp-json\/wp\/v2\/pages\/13980\/revisions"}],"predecessor-version":[{"id":13992,"href":"https:\/\/comatonline.com\/fr\/wp-json\/wp\/v2\/pages\/13980\/revisions\/13992"}],"wp:attachment":[{"href":"https:\/\/comatonline.com\/fr\/wp-json\/wp\/v2\/media?parent=13980"}],"curies":[{"name":"wp","href":"https:\/\/api.w.org\/{rel}","templated":true}]}}