{"id":13961,"date":"2023-11-06T13:20:34","date_gmt":"2023-11-06T12:20:34","guid":{"rendered":"https:\/\/comatonline.com\/?page_id=13961"},"modified":"2024-10-14T14:33:20","modified_gmt":"2024-10-14T12:33:20","slug":"service-des-clients","status":"publish","type":"page","link":"https:\/\/comatonline.com\/fr\/service-des-clients\/","title":{"rendered":"Service des clients"},"content":{"rendered":"\t\t<div data-elementor-type=\"wp-page\" data-elementor-id=\"13961\" data-post-id=\"13961\" data-obj-id=\"13961\" class=\"elementor elementor-13961 dce-elementor-post-13961 elementor-3361\">\n\t\t\t\t\t\t\t\t\t<section class=\"elementor-section elementor-top-section elementor-element elementor-element-d0a75d8 elementor-section-full_width elementor-section-height-default elementor-section-height-default\" data-id=\"d0a75d8\" data-element_type=\"section\" data-settings=\"{&quot;background_background&quot;:&quot;classic&quot;,&quot;jet_parallax_layout_list&quot;:[]}\">\n\t\t\t\t\t\t\t<div class=\"elementor-background-overlay\"><\/div>\n\t\t\t\t\t\t\t<div class=\"elementor-container elementor-column-gap-default\">\n\t\t\t\t\t<div class=\"elementor-column elementor-col-100 elementor-top-column elementor-element elementor-element-254c91a\" data-id=\"254c91a\" data-element_type=\"column\">\n\t\t\t<div class=\"elementor-widget-wrap\">\n\t\t\t\t\t\t\t\t\t<\/div>\n\t\t<\/div>\n\t\t\t\t\t\t\t<\/div>\n\t\t<\/section>\n\t\t\t\t<section class=\"elementor-section elementor-top-section elementor-element elementor-element-f9eb5a0 elementor-section-boxed elementor-section-height-default elementor-section-height-default\" data-id=\"f9eb5a0\" data-element_type=\"section\" data-settings=\"{&quot;background_background&quot;:&quot;classic&quot;,&quot;jet_parallax_layout_list&quot;:[]}\">\n\t\t\t\t\t\t<div class=\"elementor-container elementor-column-gap-default\">\n\t\t\t\t\t<div class=\"elementor-column elementor-col-100 elementor-top-column elementor-element elementor-element-1c4d761\" data-id=\"1c4d761\" data-element_type=\"column\">\n\t\t\t<div class=\"elementor-widget-wrap elementor-element-populated\">\n\t\t\t\t\t\t\t\t<div class=\"elementor-element elementor-element-7f3fc13 elementor-widget elementor-widget-breadcrumbs\" data-id=\"7f3fc13\" data-element_type=\"widget\" data-widget_type=\"breadcrumbs.default\">\n\t\t\t\t<div class=\"elementor-widget-container\">\n\t\t\t<p id=\"breadcrumbs\"><span><span><a href=\"https:\/\/comatonline.com\/fr\/\">Home<\/a><\/span><\/span><\/p>\t\t<\/div>\n\t\t\t\t<\/div>\n\t\t\t\t\t<\/div>\n\t\t<\/div>\n\t\t\t\t\t\t\t<\/div>\n\t\t<\/section>\n\t\t\t\t<section class=\"elementor-section elementor-top-section elementor-element elementor-element-97465f5 elementor-section-boxed elementor-section-height-default elementor-section-height-default\" data-id=\"97465f5\" data-element_type=\"section\" data-settings=\"{&quot;jet_parallax_layout_list&quot;:[]}\">\n\t\t\t\t\t\t<div class=\"elementor-container elementor-column-gap-default\">\n\t\t\t\t\t<div class=\"elementor-column elementor-col-50 elementor-top-column elementor-element elementor-element-ce45e4f\" data-id=\"ce45e4f\" data-element_type=\"column\">\n\t\t\t<div class=\"elementor-widget-wrap elementor-element-populated\">\n\t\t\t\t\t\t\t\t<div class=\"elementor-element elementor-element-df4f5ce aleft elementor-widget elementor-widget-wgl-double-heading\" data-id=\"df4f5ce\" data-element_type=\"widget\" data-widget_type=\"wgl-double-heading.default\">\n\t\t\t\t<div class=\"elementor-widget-container\">\n\t\t\t<div class=\"wgl-double-heading\"><h3 class=\"dblh__title-wrapper\"><span class=\"dblh__title dblh__title-1\">Assistance des clients  <\/span><\/h3><\/div>\t\t<\/div>\n\t\t\t\t<\/div>\n\t\t\t\t<div class=\"elementor-element elementor-element-6acdd26 divider-yes aleft elementor-widget elementor-widget-wgl-double-heading\" data-id=\"6acdd26\" data-element_type=\"widget\" data-widget_type=\"wgl-double-heading.default\">\n\t\t\t\t<div class=\"elementor-widget-container\">\n\t\t\t<div class=\"wgl-double-heading\"><div class=\"dblh__subtitle\"><span>COMMENT POUVONS-NOUS VOUS AIDER?<\/span><\/div><div class=\"dblh__divider\"><\/div><\/div>\t\t<\/div>\n\t\t\t\t<\/div>\n\t\t\t\t<div class=\"elementor-element elementor-element-d4ceaef elementor-widget elementor-widget-text-editor\" data-id=\"d4ceaef\" data-element_type=\"widget\" data-widget_type=\"text-editor.default\">\n\t\t\t\t<div class=\"elementor-widget-container\">\n\t\t\t\t\t\t\t<p>COMAT fournit un service d&#8217;assistance avec des techniciens qualifi\u00e9s, gr\u00e2ce \u00e0 un r\u00e9seau mondial de bureaux et de divisions repr\u00e9sentatives.<\/p>\t\t\t\t\t\t<\/div>\n\t\t\t\t<\/div>\n\t\t\t\t<div class=\"elementor-element elementor-element-bc73a1d elementor-widget elementor-widget-text-editor\" data-id=\"bc73a1d\" data-element_type=\"widget\" data-widget_type=\"text-editor.default\">\n\t\t\t\t<div class=\"elementor-widget-container\">\n\t\t\t\t\t\t\t<p>Nos techniciens sp\u00e9cialis\u00e9s sont \u00e9galement disponibles pour offrir une assistance \u00e0 distance pour une utilisation optimale des machines et des syst\u00e8mes d&#8217;automatisation<\/p>\t\t\t\t\t\t<\/div>\n\t\t\t\t<\/div>\n\t\t\t\t\t<\/div>\n\t\t<\/div>\n\t\t\t\t<div class=\"elementor-column elementor-col-50 elementor-top-column elementor-element elementor-element-455ba0b\" data-id=\"455ba0b\" data-element_type=\"column\">\n\t\t\t<div class=\"elementor-widget-wrap elementor-element-populated\">\n\t\t\t\t\t\t\t\t<div class=\"elementor-element elementor-element-aa0d005 animated-fast dce_masking-none elementor-invisible elementor-widget elementor-widget-image\" data-id=\"aa0d005\" data-element_type=\"widget\" data-settings=\"{&quot;_animation&quot;:&quot;zoomIn&quot;}\" data-widget_type=\"image.default\">\n\t\t\t\t<div class=\"elementor-widget-container\">\n\t\t\t\t\t\t\t\t\t\t\t\t\t\t\t<img loading=\"lazy\" decoding=\"async\" width=\"500\" height=\"283\" src=\"https:\/\/comatonline.com\/wp-content\/uploads\/2024\/10\/Comat_Logo_Complete_Colors.png\" class=\"attachment-full size-full wp-image-30594\" alt=\"\" srcset=\"https:\/\/comatonline.com\/wp-content\/uploads\/2024\/10\/Comat_Logo_Complete_Colors.png 500w, https:\/\/comatonline.com\/wp-content\/uploads\/2024\/10\/Comat_Logo_Complete_Colors-300x170.png 300w\" sizes=\"auto, (max-width: 500px) 100vw, 500px\" \/>\t\t\t\t\t\t\t\t\t\t\t\t\t\t\t<\/div>\n\t\t\t\t<\/div>\n\t\t\t\t\t<\/div>\n\t\t<\/div>\n\t\t\t\t\t\t\t<\/div>\n\t\t<\/section>\n\t\t\t\t<section class=\"elementor-section elementor-top-section elementor-element elementor-element-bfd8d5f elementor-section-boxed elementor-section-height-default elementor-section-height-default\" data-id=\"bfd8d5f\" data-element_type=\"section\" data-settings=\"{&quot;background_background&quot;:&quot;classic&quot;,&quot;jet_parallax_layout_list&quot;:[]}\">\n\t\t\t\t\t\t<div class=\"elementor-container elementor-column-gap-default\">\n\t\t\t\t\t<div class=\"elementor-column elementor-col-33 elementor-top-column elementor-element elementor-element-8c3938f\" data-id=\"8c3938f\" data-element_type=\"column\">\n\t\t\t<div class=\"elementor-widget-wrap elementor-element-populated\">\n\t\t\t\t\t\t\t\t<div class=\"jet-popup-target elementor-element elementor-element-4c1bc8f elementor-view-default aleft elementor-widget-icon-box wgl-icon-box elementor-widget elementor-widget-wgl-info-box\" data-jet-popup=\"{&quot;attached-popup&quot;:&quot;jet-popup-13073&quot;,&quot;trigger-type&quot;:&quot;click-self&quot;,&quot;trigger-custom-selector&quot;:&quot;&quot;}\" data-id=\"4c1bc8f\" data-element_type=\"widget\" data-widget_type=\"wgl-info-box.default\">\n\t\t\t\t<div class=\"elementor-widget-container\">\n\t\t\t<div class=\"wgl-infobox\"><a class=\"wgl-infobox__link\" href=\"#\"><\/a><div class=\"wgl-infobox_wrapper wgl-layout-top\"><div class=\"media-wrapper icon-wrapper\"><span class=\"wgl-icon\" ><i class=\"icon elementor-icon flaticon flaticon-email\" aria-hidden=\"true\"><\/i><\/span><\/div><div class=\"content_wrapper\"><div class=\"wgl-infobox-title_wrapper\"><h3 class=\"wgl-infobox_title\"><span class=\"wgl-infobox_title-idle\">DEMANDE D\u2019ASSISTANCE <\/span><\/h3><\/div><div class=\"wgl-infobox_content\"><p>Gr\u00e2ce \u00e0 une organisation \u00e9tendue, COMAT met \u00e0 votre disposition un service d'assistance avec des techniciens qualifi\u00e9s, pr\u00eats \u00e0 intervenir \u00e0 tout moment pour r\u00e9soudre tout probl\u00e8me ou dysfonctionnement.<\/p><\/div><div class=\"wgl-infobox-button_wrapper\"><div  class=\"wgl-infobox_button button-read-more align-icon-left\"><span>FORMULAIRE D\u2019ASSISTANCE<\/span><i class=\"read-more-icon flaticon flaticon-right-arrow\" aria-hidden=\"true\"><\/i><\/div><\/div><\/div><\/div><\/div>\t\t<\/div>\n\t\t\t\t<\/div>\n\t\t\t\t\t<\/div>\n\t\t<\/div>\n\t\t\t\t<div class=\"elementor-column elementor-col-33 elementor-top-column elementor-element elementor-element-e3fd064\" data-id=\"e3fd064\" data-element_type=\"column\">\n\t\t\t<div class=\"elementor-widget-wrap elementor-element-populated\">\n\t\t\t\t\t\t\t\t<div class=\"elementor-element elementor-element-3ef2cf2 elementor-view-default aleft elementor-widget-icon-box wgl-icon-box elementor-widget elementor-widget-wgl-info-box\" data-id=\"3ef2cf2\" data-element_type=\"widget\" data-widget_type=\"wgl-info-box.default\">\n\t\t\t\t<div class=\"elementor-widget-container\">\n\t\t\t<div class=\"wgl-infobox\"><a class=\"wgl-infobox__link\" href=\"tel:+390828547040\" target=\"_blank\"><\/a><div class=\"wgl-infobox_wrapper wgl-layout-top\"><div class=\"media-wrapper icon-wrapper\"><span class=\"wgl-icon\" ><i class=\"icon elementor-icon fas fa-headphones-alt\" aria-hidden=\"true\"><\/i><\/span><\/div><div class=\"content_wrapper\"><div class=\"wgl-infobox-title_wrapper\"><h3 class=\"wgl-infobox_title\"><span class=\"wgl-infobox_title-idle\">LIGNE D'ASSISTANCE<\/span><\/h3><\/div><div class=\"wgl-infobox_content\"><p>Appelez le <strong>(+39)0828 547.040<\/strong>, du lundi au vendredi de 9h00 \u00e0 13h00 et de 14h00 \u00e0 18h00. Le service vise \u00e0 fournir au client le support technique n\u00e9cessaire.<\/p><\/div><div class=\"wgl-infobox-button_wrapper\"><div  class=\"wgl-infobox_button button-read-more align-icon-left\"><span>APPELEZ-NOUS<\/span><i class=\"read-more-icon flaticon flaticon-right-arrow\" aria-hidden=\"true\"><\/i><\/div><\/div><\/div><\/div><\/div>\t\t<\/div>\n\t\t\t\t<\/div>\n\t\t\t\t\t<\/div>\n\t\t<\/div>\n\t\t\t\t<div class=\"elementor-column elementor-col-33 elementor-top-column elementor-element elementor-element-6d95c56\" data-id=\"6d95c56\" data-element_type=\"column\">\n\t\t\t<div class=\"elementor-widget-wrap elementor-element-populated\">\n\t\t\t\t\t\t\t\t<div class=\"elementor-element elementor-element-e313956 elementor-view-default aleft elementor-widget-icon-box wgl-icon-box elementor-widget elementor-widget-wgl-info-box\" data-id=\"e313956\" data-element_type=\"widget\" data-widget_type=\"wgl-info-box.default\">\n\t\t\t\t<div class=\"elementor-widget-container\">\n\t\t\t<div class=\"wgl-infobox\"><a class=\"wgl-infobox__link\" href=\"#\"><\/a><div class=\"wgl-infobox_wrapper wgl-layout-top\"><div class=\"media-wrapper icon-wrapper\"><span class=\"wgl-icon\" ><i class=\"icon elementor-icon fab fa-whatsapp\" aria-hidden=\"true\"><\/i><\/span><\/div><div class=\"content_wrapper\"><div class=\"wgl-infobox-title_wrapper\"><h3 class=\"wgl-infobox_title\"><span class=\"wgl-infobox_title-idle\">MESSAGEZ AVEC NOUS<\/span><\/h3><\/div><div class=\"wgl-infobox_content\"><p>COMAT propose une assistance en ligne sp\u00e9ciale gratuite sur Whatsapp !<\/p><p>Nos techniciens seront en ligne pour r\u00e9soudre les probl\u00e8mes et recueillir les commentaires mardi de 15h \u00e0 16h<\/p><\/div><div class=\"wgl-infobox-button_wrapper\"><div  class=\"wgl-infobox_button button-read-more align-icon-left\"><span>ENTRER EN CONTACT<\/span><i class=\"read-more-icon flaticon flaticon-right-arrow\" aria-hidden=\"true\"><\/i><\/div><\/div><\/div><\/div><\/div>\t\t<\/div>\n\t\t\t\t<\/div>\n\t\t\t\t\t<\/div>\n\t\t<\/div>\n\t\t\t\t\t\t\t<\/div>\n\t\t<\/section>\n\t\t\t\t\t\t\t<\/div>\n\t\t","protected":false},"excerpt":{"rendered":"<p>Assistance des clients COMMENT POUVONS-NOUS VOUS AIDER? COMAT fournit un service d&#8217;assistance avec des techniciens qualifi\u00e9s, gr\u00e2ce \u00e0 un r\u00e9seau mondial de bureaux et de divisions repr\u00e9sentatives. Nos techniciens sp\u00e9cialis\u00e9s sont \u00e9galement disponibles pour offrir une assistance \u00e0 distance pour une utilisation optimale des machines et des syst\u00e8mes d&#8217;automatisation DEMANDE D\u2019ASSISTANCE Gr\u00e2ce \u00e0 une organisation [&hellip;]<\/p>\n","protected":false},"author":1,"featured_media":0,"parent":0,"menu_order":89,"comment_status":"closed","ping_status":"closed","template":"elementor_header_footer","meta":{"footnotes":""},"class_list":["post-13961","page","type-page","status-publish","hentry"],"acf":[],"yoast_head":"<!-- This site is optimized with the Yoast SEO plugin v25.4 - https:\/\/yoast.com\/wordpress\/plugins\/seo\/ -->\n<title>Service des clients - COMAT<\/title>\n<meta name=\"robots\" content=\"index, follow, max-snippet:-1, max-image-preview:large, max-video-preview:-1\" \/>\n<link rel=\"canonical\" href=\"https:\/\/comatonline.com\/fr\/service-des-clients\/\" \/>\n<meta property=\"og:locale\" content=\"fr_FR\" \/>\n<meta property=\"og:type\" content=\"article\" \/>\n<meta property=\"og:title\" content=\"Service des clients - COMAT\" \/>\n<meta property=\"og:description\" content=\"Assistance des clients COMMENT POUVONS-NOUS VOUS AIDER? COMAT fournit un service d&#8217;assistance avec des techniciens qualifi\u00e9s, gr\u00e2ce \u00e0 un r\u00e9seau mondial de bureaux et de divisions repr\u00e9sentatives. Nos techniciens sp\u00e9cialis\u00e9s sont \u00e9galement disponibles pour offrir une assistance \u00e0 distance pour une utilisation optimale des machines et des syst\u00e8mes d&#8217;automatisation DEMANDE D\u2019ASSISTANCE Gr\u00e2ce \u00e0 une organisation [&hellip;]\" \/>\n<meta property=\"og:url\" content=\"https:\/\/comatonline.com\/fr\/service-des-clients\/\" \/>\n<meta property=\"og:site_name\" content=\"COMAT\" \/>\n<meta property=\"article:publisher\" content=\"https:\/\/www.facebook.com\/comatmachinery\" \/>\n<meta property=\"article:modified_time\" content=\"2024-10-14T12:33:20+00:00\" \/>\n<meta property=\"og:image\" content=\"https:\/\/comatonline.com\/wp-content\/uploads\/2024\/10\/Comat_Logo_Complete_Colors.png\" \/>\n<script type=\"application\/ld+json\" class=\"yoast-schema-graph\">{\"@context\":\"https:\/\/schema.org\",\"@graph\":[{\"@type\":\"WebPage\",\"@id\":\"https:\/\/comatonline.com\/fr\/service-des-clients\/\",\"url\":\"https:\/\/comatonline.com\/fr\/service-des-clients\/\",\"name\":\"Service des clients - COMAT\",\"isPartOf\":{\"@id\":\"https:\/\/comatonline.com\/fr\/#website\"},\"primaryImageOfPage\":{\"@id\":\"https:\/\/comatonline.com\/fr\/service-des-clients\/#primaryimage\"},\"image\":{\"@id\":\"https:\/\/comatonline.com\/fr\/service-des-clients\/#primaryimage\"},\"thumbnailUrl\":\"https:\/\/comatonline.com\/wp-content\/uploads\/2024\/10\/Comat_Logo_Complete_Colors.png\",\"datePublished\":\"2023-11-06T12:20:34+00:00\",\"dateModified\":\"2024-10-14T12:33:20+00:00\",\"breadcrumb\":{\"@id\":\"https:\/\/comatonline.com\/fr\/service-des-clients\/#breadcrumb\"},\"inLanguage\":\"fr-FR\",\"potentialAction\":[{\"@type\":\"ReadAction\",\"target\":[\"https:\/\/comatonline.com\/fr\/service-des-clients\/\"]}]},{\"@type\":\"ImageObject\",\"inLanguage\":\"fr-FR\",\"@id\":\"https:\/\/comatonline.com\/fr\/service-des-clients\/#primaryimage\",\"url\":\"https:\/\/comatonline.com\/wp-content\/uploads\/2024\/10\/Comat_Logo_Complete_Colors.png\",\"contentUrl\":\"https:\/\/comatonline.com\/wp-content\/uploads\/2024\/10\/Comat_Logo_Complete_Colors.png\"},{\"@type\":\"BreadcrumbList\",\"@id\":\"https:\/\/comatonline.com\/fr\/service-des-clients\/#breadcrumb\",\"itemListElement\":[{\"@type\":\"ListItem\",\"position\":1,\"name\":\"Home\",\"item\":\"https:\/\/comatonline.com\/fr\/\"},{\"@type\":\"ListItem\",\"position\":2,\"name\":\"Service des clients\"}]},{\"@type\":\"WebSite\",\"@id\":\"https:\/\/comatonline.com\/fr\/#website\",\"url\":\"https:\/\/comatonline.com\/fr\/\",\"name\":\"Comat Dairy Equipment\",\"description\":\"machines for mozzarella, pizza cheese and string cheese\",\"publisher\":{\"@id\":\"https:\/\/comatonline.com\/fr\/#organization\"},\"alternateName\":\"Machines for mozzarella, pizza cheese and string cheese\",\"potentialAction\":[{\"@type\":\"SearchAction\",\"target\":{\"@type\":\"EntryPoint\",\"urlTemplate\":\"https:\/\/comatonline.com\/fr\/?s={search_term_string}\"},\"query-input\":{\"@type\":\"PropertyValueSpecification\",\"valueRequired\":true,\"valueName\":\"search_term_string\"}}],\"inLanguage\":\"fr-FR\"},{\"@type\":\"Organization\",\"@id\":\"https:\/\/comatonline.com\/fr\/#organization\",\"name\":\"Comat Dairy Equipment\",\"alternateName\":\"Machines for mozzarella, pizza cheese and string cheese\",\"url\":\"https:\/\/comatonline.com\/fr\/\",\"logo\":{\"@type\":\"ImageObject\",\"inLanguage\":\"fr-FR\",\"@id\":\"https:\/\/comatonline.com\/fr\/#\/schema\/logo\/image\/\",\"url\":\"https:\/\/comatonline.com\/wp-content\/uploads\/2023\/10\/hp-comat-2.jpg\",\"contentUrl\":\"https:\/\/comatonline.com\/wp-content\/uploads\/2023\/10\/hp-comat-2.jpg\",\"width\":696,\"height\":696,\"caption\":\"Comat Dairy Equipment\"},\"image\":{\"@id\":\"https:\/\/comatonline.com\/fr\/#\/schema\/logo\/image\/\"},\"sameAs\":[\"https:\/\/www.facebook.com\/comatmachinery\",\"https:\/\/www.linkedin.com\/company\/comatgroup\/\",\"https:\/\/www.instagram.com\/comat_group\/\",\"https:\/\/www.youtube.com\/user\/comatdairyequipment\"]}]}<\/script>\n<!-- \/ Yoast SEO plugin. -->","yoast_head_json":{"title":"Service des clients - COMAT","robots":{"index":"index","follow":"follow","max-snippet":"max-snippet:-1","max-image-preview":"max-image-preview:large","max-video-preview":"max-video-preview:-1"},"canonical":"https:\/\/comatonline.com\/fr\/service-des-clients\/","og_locale":"fr_FR","og_type":"article","og_title":"Service des clients - COMAT","og_description":"Assistance des clients COMMENT POUVONS-NOUS VOUS AIDER? COMAT fournit un service d&#8217;assistance avec des techniciens qualifi\u00e9s, gr\u00e2ce \u00e0 un r\u00e9seau mondial de bureaux et de divisions repr\u00e9sentatives. Nos techniciens sp\u00e9cialis\u00e9s sont \u00e9galement disponibles pour offrir une assistance \u00e0 distance pour une utilisation optimale des machines et des syst\u00e8mes d&#8217;automatisation DEMANDE D\u2019ASSISTANCE Gr\u00e2ce \u00e0 une organisation [&hellip;]","og_url":"https:\/\/comatonline.com\/fr\/service-des-clients\/","og_site_name":"COMAT","article_publisher":"https:\/\/www.facebook.com\/comatmachinery","article_modified_time":"2024-10-14T12:33:20+00:00","og_image":[{"url":"https:\/\/comatonline.com\/wp-content\/uploads\/2024\/10\/Comat_Logo_Complete_Colors.png","type":"","width":"","height":""}],"schema":{"@context":"https:\/\/schema.org","@graph":[{"@type":"WebPage","@id":"https:\/\/comatonline.com\/fr\/service-des-clients\/","url":"https:\/\/comatonline.com\/fr\/service-des-clients\/","name":"Service des clients - COMAT","isPartOf":{"@id":"https:\/\/comatonline.com\/fr\/#website"},"primaryImageOfPage":{"@id":"https:\/\/comatonline.com\/fr\/service-des-clients\/#primaryimage"},"image":{"@id":"https:\/\/comatonline.com\/fr\/service-des-clients\/#primaryimage"},"thumbnailUrl":"https:\/\/comatonline.com\/wp-content\/uploads\/2024\/10\/Comat_Logo_Complete_Colors.png","datePublished":"2023-11-06T12:20:34+00:00","dateModified":"2024-10-14T12:33:20+00:00","breadcrumb":{"@id":"https:\/\/comatonline.com\/fr\/service-des-clients\/#breadcrumb"},"inLanguage":"fr-FR","potentialAction":[{"@type":"ReadAction","target":["https:\/\/comatonline.com\/fr\/service-des-clients\/"]}]},{"@type":"ImageObject","inLanguage":"fr-FR","@id":"https:\/\/comatonline.com\/fr\/service-des-clients\/#primaryimage","url":"https:\/\/comatonline.com\/wp-content\/uploads\/2024\/10\/Comat_Logo_Complete_Colors.png","contentUrl":"https:\/\/comatonline.com\/wp-content\/uploads\/2024\/10\/Comat_Logo_Complete_Colors.png"},{"@type":"BreadcrumbList","@id":"https:\/\/comatonline.com\/fr\/service-des-clients\/#breadcrumb","itemListElement":[{"@type":"ListItem","position":1,"name":"Home","item":"https:\/\/comatonline.com\/fr\/"},{"@type":"ListItem","position":2,"name":"Service des clients"}]},{"@type":"WebSite","@id":"https:\/\/comatonline.com\/fr\/#website","url":"https:\/\/comatonline.com\/fr\/","name":"Comat Dairy Equipment","description":"machines for mozzarella, pizza cheese and string cheese","publisher":{"@id":"https:\/\/comatonline.com\/fr\/#organization"},"alternateName":"Machines for mozzarella, pizza cheese and string cheese","potentialAction":[{"@type":"SearchAction","target":{"@type":"EntryPoint","urlTemplate":"https:\/\/comatonline.com\/fr\/?s={search_term_string}"},"query-input":{"@type":"PropertyValueSpecification","valueRequired":true,"valueName":"search_term_string"}}],"inLanguage":"fr-FR"},{"@type":"Organization","@id":"https:\/\/comatonline.com\/fr\/#organization","name":"Comat Dairy Equipment","alternateName":"Machines for mozzarella, pizza cheese and string cheese","url":"https:\/\/comatonline.com\/fr\/","logo":{"@type":"ImageObject","inLanguage":"fr-FR","@id":"https:\/\/comatonline.com\/fr\/#\/schema\/logo\/image\/","url":"https:\/\/comatonline.com\/wp-content\/uploads\/2023\/10\/hp-comat-2.jpg","contentUrl":"https:\/\/comatonline.com\/wp-content\/uploads\/2023\/10\/hp-comat-2.jpg","width":696,"height":696,"caption":"Comat Dairy Equipment"},"image":{"@id":"https:\/\/comatonline.com\/fr\/#\/schema\/logo\/image\/"},"sameAs":["https:\/\/www.facebook.com\/comatmachinery","https:\/\/www.linkedin.com\/company\/comatgroup\/","https:\/\/www.instagram.com\/comat_group\/","https:\/\/www.youtube.com\/user\/comatdairyequipment"]}]}},"_links":{"self":[{"href":"https:\/\/comatonline.com\/fr\/wp-json\/wp\/v2\/pages\/13961","targetHints":{"allow":["GET"]}}],"collection":[{"href":"https:\/\/comatonline.com\/fr\/wp-json\/wp\/v2\/pages"}],"about":[{"href":"https:\/\/comatonline.com\/fr\/wp-json\/wp\/v2\/types\/page"}],"author":[{"embeddable":true,"href":"https:\/\/comatonline.com\/fr\/wp-json\/wp\/v2\/users\/1"}],"replies":[{"embeddable":true,"href":"https:\/\/comatonline.com\/fr\/wp-json\/wp\/v2\/comments?post=13961"}],"version-history":[{"count":19,"href":"https:\/\/comatonline.com\/fr\/wp-json\/wp\/v2\/pages\/13961\/revisions"}],"predecessor-version":[{"id":30700,"href":"https:\/\/comatonline.com\/fr\/wp-json\/wp\/v2\/pages\/13961\/revisions\/30700"}],"wp:attachment":[{"href":"https:\/\/comatonline.com\/fr\/wp-json\/wp\/v2\/media?parent=13961"}],"curies":[{"name":"wp","href":"https:\/\/api.w.org\/{rel}","templated":true}]}}