{"id":19158,"date":"2023-11-06T13:20:35","date_gmt":"2023-11-06T12:20:35","guid":{"rendered":"https:\/\/comatonline.com\/?page_id=19158"},"modified":"2023-11-07T11:36:01","modified_gmt":"2023-11-07T10:36:01","slug":"informacion-requerida","status":"publish","type":"page","link":"https:\/\/comatonline.com\/es\/informacion-requerida\/","title":{"rendered":"Informaci\u00f3n requerida"},"content":{"rendered":"\t\t<div data-elementor-type=\"wp-page\" data-elementor-id=\"19158\" data-post-id=\"19158\" data-obj-id=\"19158\" class=\"elementor elementor-19158 dce-elementor-post-19158 elementor-3157\">\n\t\t\t\t\t\t\t\t\t<section class=\"elementor-section elementor-top-section elementor-element elementor-element-328a045 elementor-section-full_width elementor-section-height-default elementor-section-height-default\" data-id=\"328a045\" data-element_type=\"section\" data-settings=\"{&quot;background_background&quot;:&quot;classic&quot;,&quot;jet_parallax_layout_list&quot;:[]}\">\n\t\t\t\t\t\t\t<div class=\"elementor-background-overlay\"><\/div>\n\t\t\t\t\t\t\t<div class=\"elementor-container elementor-column-gap-default\">\n\t\t\t\t\t<div class=\"elementor-column elementor-col-100 elementor-top-column elementor-element elementor-element-4553ebd\" data-id=\"4553ebd\" data-element_type=\"column\">\n\t\t\t<div class=\"elementor-widget-wrap\">\n\t\t\t\t\t\t\t\t\t<\/div>\n\t\t<\/div>\n\t\t\t\t\t\t\t<\/div>\n\t\t<\/section>\n\t\t\t\t<section class=\"elementor-section elementor-top-section elementor-element elementor-element-c8c9d42 elementor-section-boxed elementor-section-height-default elementor-section-height-default\" data-id=\"c8c9d42\" data-element_type=\"section\" data-settings=\"{&quot;background_background&quot;:&quot;classic&quot;,&quot;jet_parallax_layout_list&quot;:[]}\">\n\t\t\t\t\t\t<div class=\"elementor-container elementor-column-gap-default\">\n\t\t\t\t\t<div class=\"elementor-column elementor-col-100 elementor-top-column elementor-element elementor-element-63ee5f0\" data-id=\"63ee5f0\" data-element_type=\"column\">\n\t\t\t<div class=\"elementor-widget-wrap elementor-element-populated\">\n\t\t\t\t\t\t\t\t<div class=\"elementor-element elementor-element-f5bd22b elementor-widget elementor-widget-breadcrumbs\" data-id=\"f5bd22b\" data-element_type=\"widget\" data-widget_type=\"breadcrumbs.default\">\n\t\t\t\t<div class=\"elementor-widget-container\">\n\t\t\t<p id=\"breadcrumbs\"><span><span><a href=\"https:\/\/comatonline.com\/es\/\">Home<\/a><\/span><\/span><\/p>\t\t<\/div>\n\t\t\t\t<\/div>\n\t\t\t\t\t<\/div>\n\t\t<\/div>\n\t\t\t\t\t\t\t<\/div>\n\t\t<\/section>\n\t\t\t\t<section class=\"elementor-section elementor-top-section elementor-element elementor-element-157ef22 elementor-section-boxed elementor-section-height-default elementor-section-height-default\" data-id=\"157ef22\" data-element_type=\"section\" data-settings=\"{&quot;jet_parallax_layout_list&quot;:[]}\">\n\t\t\t\t\t\t<div class=\"elementor-container elementor-column-gap-default\">\n\t\t\t\t\t<div class=\"elementor-column elementor-col-50 elementor-top-column elementor-element elementor-element-3457b64\" data-id=\"3457b64\" data-element_type=\"column\">\n\t\t\t<div class=\"elementor-widget-wrap elementor-element-populated\">\n\t\t\t\t\t\t\t\t<div class=\"elementor-element elementor-element-97b4a36 aleft elementor-widget elementor-widget-wgl-double-heading\" data-id=\"97b4a36\" data-element_type=\"widget\" data-widget_type=\"wgl-double-heading.default\">\n\t\t\t\t<div class=\"elementor-widget-container\">\n\t\t\t<div class=\"wgl-double-heading\"><h3 class=\"dblh__title-wrapper\"><span class=\"dblh__title dblh__title-1\">Informaci\u00f3n requerida<\/span><\/h3><\/div>\t\t<\/div>\n\t\t\t\t<\/div>\n\t\t\t\t<div class=\"elementor-element elementor-element-3078e2f divider-yes aleft elementor-widget elementor-widget-wgl-double-heading\" data-id=\"3078e2f\" data-element_type=\"widget\" data-widget_type=\"wgl-double-heading.default\">\n\t\t\t\t<div class=\"elementor-widget-container\">\n\t\t\t<div class=\"wgl-double-heading\"><div class=\"dblh__subtitle\"><span>\u00bfCOMO PODEMOS AYUDARTE?<\/span><\/div><div class=\"dblh__divider\"><\/div><\/div>\t\t<\/div>\n\t\t\t\t<\/div>\n\t\t\t\t<div class=\"elementor-element elementor-element-b963786 elementor-widget elementor-widget-text-editor\" data-id=\"b963786\" data-element_type=\"widget\" data-widget_type=\"text-editor.default\">\n\t\t\t\t<div class=\"elementor-widget-container\">\n\t\t\t\t\t\t\t<p>Para solicitar una explicaci\u00f3n sobre nuestras m\u00e1quinas nuevas y\/o usadas, costos, caracter\u00edsticas espec\u00edficas o lo que sea, puede enviar una solicitud utilizando el siguiente formulario.<br \/><br \/><strong>Le contestaremos lo antes posible.<\/strong><\/p>\t\t\t\t\t\t<\/div>\n\t\t\t\t<\/div>\n\t\t\t\t\t<\/div>\n\t\t<\/div>\n\t\t\t\t<div class=\"elementor-column elementor-col-50 elementor-top-column elementor-element elementor-element-24ca3da\" data-id=\"24ca3da\" data-element_type=\"column\">\n\t\t\t<div class=\"elementor-widget-wrap\">\n\t\t\t\t\t\t\t\t\t<\/div>\n\t\t<\/div>\n\t\t\t\t\t\t\t<\/div>\n\t\t<\/section>\n\t\t\t\t<section class=\"elementor-section elementor-top-section elementor-element elementor-element-ad3e5b8 elementor-section-boxed elementor-section-height-default elementor-section-height-default\" data-id=\"ad3e5b8\" data-element_type=\"section\" data-settings=\"{&quot;background_background&quot;:&quot;classic&quot;,&quot;jet_parallax_layout_list&quot;:[]}\">\n\t\t\t\t\t\t<div class=\"elementor-container elementor-column-gap-default\">\n\t\t\t\t\t<div class=\"elementor-column elementor-col-100 elementor-top-column elementor-element elementor-element-070009b\" data-id=\"070009b\" data-element_type=\"column\">\n\t\t\t<div class=\"elementor-widget-wrap elementor-element-populated\">\n\t\t\t\t\t\t\t\t<div class=\"elementor-element elementor-element-e06f2e9 elementor-widget elementor-widget-spacer\" data-id=\"e06f2e9\" data-element_type=\"widget\" data-widget_type=\"spacer.default\">\n\t\t\t\t<div class=\"elementor-widget-container\">\n\t\t\t\t\t<div class=\"elementor-spacer\">\n\t\t\t<div class=\"elementor-spacer-inner\"><\/div>\n\t\t<\/div>\n\t\t\t\t<\/div>\n\t\t\t\t<\/div>\n\t\t\t\t<section class=\"elementor-section elementor-inner-section elementor-element elementor-element-58cdcf7 elementor-section-boxed elementor-section-height-default elementor-section-height-default\" data-id=\"58cdcf7\" data-element_type=\"section\" data-settings=\"{&quot;background_background&quot;:&quot;classic&quot;,&quot;jet_parallax_layout_list&quot;:[]}\">\n\t\t\t\t\t\t<div class=\"elementor-container elementor-column-gap-default\">\n\t\t\t\t\t<div class=\"elementor-column elementor-col-100 elementor-inner-column elementor-element elementor-element-38ae9d0\" data-id=\"38ae9d0\" data-element_type=\"column\" data-settings=\"{&quot;background_background&quot;:&quot;classic&quot;}\">\n\t\t\t<div class=\"elementor-widget-wrap elementor-element-populated\">\n\t\t\t\t\t\t\t\t<div class=\"elementor-element elementor-element-36ec5aa aleft elementor-widget elementor-widget-wgl-double-heading\" data-id=\"36ec5aa\" data-element_type=\"widget\" data-widget_type=\"wgl-double-heading.default\">\n\t\t\t\t<div class=\"elementor-widget-container\">\n\t\t\t<div class=\"wgl-double-heading\"><h3 class=\"dblh__title-wrapper\"><span class=\"dblh__title dblh__title-1\">Rellene el formulario<\/span><\/h3><\/div>\t\t<\/div>\n\t\t\t\t<\/div>\n\t\t\t\t<div class=\"elementor-element elementor-element-ff74f3e elementor-widget elementor-widget-text-editor\" data-id=\"ff74f3e\" data-element_type=\"widget\" data-widget_type=\"text-editor.default\">\n\t\t\t\t<div class=\"elementor-widget-container\">\n\t\t\t\t\t\t\tLe contestaremos lo antes posible.\t\t\t\t\t\t<\/div>\n\t\t\t\t<\/div>\n\t\t\t\t<div class=\"elementor-element elementor-element-77d0377 aleft elementor-widget elementor-widget-wgl-contact-form-7\" data-id=\"77d0377\" data-element_type=\"widget\" data-widget_type=\"wgl-contact-form-7.default\">\n\t\t\t\t<div class=\"elementor-widget-container\">\n\t\t\t<div class=\"wgl-contact-form-7\">\n<div class=\"wpcf7 no-js\" id=\"wpcf7-f18876-o1\" lang=\"es-ES\" dir=\"ltr\" data-wpcf7-id=\"18876\">\n<div class=\"screen-reader-response\"><p role=\"status\" aria-live=\"polite\" aria-atomic=\"true\"><\/p> <ul><\/ul><\/div>\n<form action=\"\/es\/wp-json\/wp\/v2\/pages\/19158#wpcf7-f18876-o1\" method=\"post\" class=\"wpcf7-form init\" aria-label=\"Formulario de contacto\" novalidate=\"novalidate\" data-status=\"init\">\n<fieldset class=\"hidden-fields-container\"><input type=\"hidden\" name=\"_wpcf7\" value=\"18876\" \/><input type=\"hidden\" name=\"_wpcf7_version\" value=\"6.1\" \/><input type=\"hidden\" name=\"_wpcf7_locale\" value=\"es_ES\" \/><input type=\"hidden\" name=\"_wpcf7_unit_tag\" value=\"wpcf7-f18876-o1\" \/><input type=\"hidden\" name=\"_wpcf7_container_post\" value=\"0\" \/><input type=\"hidden\" name=\"_wpcf7_posted_data_hash\" value=\"\" \/>\n<\/fieldset>\n<div class='row'>\n\t<div class='wgl_col-6'>\n\t\t<p><span class=\"wpcf7-form-control-wrap\" data-name=\"contact-name\"><input size=\"40\" maxlength=\"400\" class=\"wpcf7-form-control wpcf7-text\" aria-invalid=\"false\" placeholder=\"Nombre de contacto\" value=\"\" type=\"text\" name=\"contact-name\" \/><\/span>\n\t\t<\/p>\n\t<\/div>\n\t<div class='wgl_col-6'>\n\t\t<p><span class=\"wpcf7-form-control-wrap\" data-name=\"company-name\"><input size=\"40\" maxlength=\"400\" class=\"wpcf7-form-control wpcf7-text wpcf7-validates-as-required\" aria-required=\"true\" aria-invalid=\"false\" placeholder=\"Nombre del Negocio\" value=\"\" type=\"text\" name=\"company-name\" \/><\/span>\n\t\t<\/p>\n\t<\/div>\n\t<div class='wgl_col-6'>\n\t\t<p><span class=\"wpcf7-form-control-wrap\" data-name=\"phone\"><input size=\"40\" maxlength=\"400\" class=\"wpcf7-form-control wpcf7-text\" aria-invalid=\"false\" placeholder=\"Tel\u00e9fono\" value=\"\" type=\"text\" name=\"phone\" \/><\/span>\n\t\t<\/p>\n\t<\/div>\n\t<div class='wgl_col-6'>\n\t\t<p><span class=\"wpcf7-form-control-wrap\" data-name=\"email\"><input size=\"40\" maxlength=\"400\" class=\"wpcf7-form-control wpcf7-email wpcf7-validates-as-required wpcf7-text wpcf7-validates-as-email\" aria-required=\"true\" aria-invalid=\"false\" placeholder=\"Correo electr\u00f3nico\" value=\"\" type=\"email\" name=\"email\" \/><\/span>\n\t\t<\/p>\n\t<\/div>\n\t<div class='wgl_col-12'>\n\t\t<p><span class=\"wpcf7-form-control-wrap\" data-name=\"label-textarea\"><textarea cols=\"40\" rows=\"10\" maxlength=\"2000\" class=\"wpcf7-form-control wpcf7-textarea\" aria-invalid=\"false\" placeholder=\"Mensaje\" name=\"label-textarea\"><\/textarea><\/span>\n\t\t<\/p>\n\t<\/div>\n\t<div class='wgl_col-12'>\n\t\t<p><span class=\"wpcf7-form-control-wrap\" data-name=\"type-request\"><select class=\"wpcf7-form-control wpcf7-select wpcf7-validates-as-required\" aria-required=\"true\" aria-invalid=\"false\" name=\"type-request\"><option value=\"Solicitud gen\u00e9rica\">Solicitud gen\u00e9rica<\/option><option value=\"Me gustar\u00eda conocer precios y caracter\u00edsticas de las m\u00e1quinas\/l\u00edneas\">Me gustar\u00eda conocer precios y caracter\u00edsticas de las m\u00e1quinas\/l\u00edneas<\/option><option value=\"Me gustar\u00eda contactar con el responsable comercial\">Me gustar\u00eda contactar con el responsable comercial<\/option><option value=\"Me gustar\u00eda contactar con la oficina de administraci\u00f3n\">Me gustar\u00eda contactar con la oficina de administraci\u00f3n<\/option><option value=\"Contactar con el departamento de marketing para presentar ofertas o documentaci\u00f3n\">Contactar con el departamento de marketing para presentar ofertas o documentaci\u00f3n<\/option><option value=\"Otro tipo de solicitud\">Otro tipo de solicitud<\/option><\/select><\/span>\n\t\t<\/p>\n\t<\/div>\n\t<div class='wgl_col-12'>\n\t\t<p><span class=\"wpcf7-form-control-wrap\" data-name=\"check-privacy\"><span class=\"wpcf7-form-control wpcf7-acceptance\"><span class=\"wpcf7-list-item\"><label><input type=\"checkbox\" name=\"check-privacy\" value=\"1\" aria-invalid=\"false\" \/><span class=\"wpcf7-list-item-label\">Al rellenar el siguiente formulario, autorizas el uso de tus datos personales de acuerdo con el Reglamento de Privacidad 2016\/679\/UE (Reglamento General de Protecci\u00f3n de Datos - en adelante RGPD). <a target=\"_blank\" href=\"https:\/\/comatonline.com\/es\/privacy-policy\">Lea la pol\u00edtica de privacidad de Comat<\/a><\/span><\/label><\/span><\/span><\/span>\n\t\t<\/p>\n\t<\/div>\n\t<div class='wgl_col-12'>\n\t\t<p><input class=\"wpcf7-form-control wpcf7-submit has-spinner\" type=\"submit\" value=\"ENVIAR MENSAJE\" \/>\n\t\t<\/p>\n\t<\/div>\n<\/div><div class=\"wpcf7-response-output\" aria-hidden=\"true\"><\/div>\n<\/form>\n<\/div>\n<\/div>\t\t<\/div>\n\t\t\t\t<\/div>\n\t\t\t\t\t<\/div>\n\t\t<\/div>\n\t\t\t\t\t\t\t<\/div>\n\t\t<\/section>\n\t\t\t\t<div class=\"elementor-element elementor-element-6f033bc elementor-widget elementor-widget-spacer\" data-id=\"6f033bc\" data-element_type=\"widget\" data-widget_type=\"spacer.default\">\n\t\t\t\t<div class=\"elementor-widget-container\">\n\t\t\t\t\t<div class=\"elementor-spacer\">\n\t\t\t<div class=\"elementor-spacer-inner\"><\/div>\n\t\t<\/div>\n\t\t\t\t<\/div>\n\t\t\t\t<\/div>\n\t\t\t\t\t<\/div>\n\t\t<\/div>\n\t\t\t\t\t\t\t<\/div>\n\t\t<\/section>\n\t\t\t\t\t\t\t<\/div>\n\t\t","protected":false},"excerpt":{"rendered":"<p>Informaci\u00f3n requerida \u00bfCOMO PODEMOS AYUDARTE? Para solicitar una explicaci\u00f3n sobre nuestras m\u00e1quinas nuevas y\/o usadas, costos, caracter\u00edsticas espec\u00edficas o lo que sea, puede enviar una solicitud utilizando el siguiente formulario. Le contestaremos lo antes posible. Rellene el formulario Le contestaremos lo antes posible. Solicitud gen\u00e9ricaMe gustar\u00eda conocer precios y caracter\u00edsticas de las m\u00e1quinas\/l\u00edneasMe gustar\u00eda contactar [&hellip;]<\/p>\n","protected":false},"author":1,"featured_media":0,"parent":0,"menu_order":102,"comment_status":"closed","ping_status":"closed","template":"","meta":{"footnotes":""},"class_list":["post-19158","page","type-page","status-publish","hentry"],"acf":[],"yoast_head":"<!-- This site is optimized with the Yoast SEO plugin v25.4 - https:\/\/yoast.com\/wordpress\/plugins\/seo\/ -->\n<title>Informaci\u00f3n requerida - COMAT<\/title>\n<meta name=\"robots\" content=\"index, follow, max-snippet:-1, max-image-preview:large, max-video-preview:-1\" \/>\n<link rel=\"canonical\" href=\"https:\/\/comatonline.com\/es\/informacion-requerida\/\" \/>\n<meta property=\"og:locale\" content=\"es_ES\" \/>\n<meta property=\"og:type\" content=\"article\" \/>\n<meta property=\"og:title\" content=\"Informaci\u00f3n requerida - COMAT\" \/>\n<meta property=\"og:description\" content=\"Informaci\u00f3n requerida \u00bfCOMO PODEMOS AYUDARTE? Para solicitar una explicaci\u00f3n sobre nuestras m\u00e1quinas nuevas y\/o usadas, costos, caracter\u00edsticas espec\u00edficas o lo que sea, puede enviar una solicitud utilizando el siguiente formulario. Le contestaremos lo antes posible. Rellene el formulario Le contestaremos lo antes posible. Solicitud gen\u00e9ricaMe gustar\u00eda conocer precios y caracter\u00edsticas de las m\u00e1quinas\/l\u00edneasMe gustar\u00eda contactar [&hellip;]\" \/>\n<meta property=\"og:url\" content=\"https:\/\/comatonline.com\/es\/informacion-requerida\/\" \/>\n<meta property=\"og:site_name\" content=\"COMAT\" \/>\n<meta property=\"article:publisher\" content=\"https:\/\/www.facebook.com\/comatmachinery\" \/>\n<meta property=\"article:modified_time\" content=\"2023-11-07T10:36:01+00:00\" \/>\n<meta property=\"og:image\" content=\"https:\/\/comatonline.com\/wp-content\/uploads\/2023\/10\/hp-comat.jpg\" \/>\n\t<meta property=\"og:image:width\" content=\"1200\" \/>\n\t<meta property=\"og:image:height\" content=\"675\" \/>\n\t<meta property=\"og:image:type\" content=\"image\/jpeg\" \/>\n<script type=\"application\/ld+json\" class=\"yoast-schema-graph\">{\"@context\":\"https:\/\/schema.org\",\"@graph\":[{\"@type\":\"WebPage\",\"@id\":\"https:\/\/comatonline.com\/es\/informacion-requerida\/\",\"url\":\"https:\/\/comatonline.com\/es\/informacion-requerida\/\",\"name\":\"Informaci\u00f3n requerida - COMAT\",\"isPartOf\":{\"@id\":\"https:\/\/comatonline.com\/es\/#website\"},\"datePublished\":\"2023-11-06T12:20:35+00:00\",\"dateModified\":\"2023-11-07T10:36:01+00:00\",\"breadcrumb\":{\"@id\":\"https:\/\/comatonline.com\/es\/informacion-requerida\/#breadcrumb\"},\"inLanguage\":\"es\",\"potentialAction\":[{\"@type\":\"ReadAction\",\"target\":[\"https:\/\/comatonline.com\/es\/informacion-requerida\/\"]}]},{\"@type\":\"BreadcrumbList\",\"@id\":\"https:\/\/comatonline.com\/es\/informacion-requerida\/#breadcrumb\",\"itemListElement\":[{\"@type\":\"ListItem\",\"position\":1,\"name\":\"Home\",\"item\":\"https:\/\/comatonline.com\/es\/\"},{\"@type\":\"ListItem\",\"position\":2,\"name\":\"Informaci\u00f3n requerida\"}]},{\"@type\":\"WebSite\",\"@id\":\"https:\/\/comatonline.com\/es\/#website\",\"url\":\"https:\/\/comatonline.com\/es\/\",\"name\":\"Comat Dairy Equipment\",\"description\":\"machines for mozzarella, pizza cheese and string cheese\",\"publisher\":{\"@id\":\"https:\/\/comatonline.com\/es\/#organization\"},\"alternateName\":\"Machines for mozzarella, pizza cheese and string cheese\",\"potentialAction\":[{\"@type\":\"SearchAction\",\"target\":{\"@type\":\"EntryPoint\",\"urlTemplate\":\"https:\/\/comatonline.com\/es\/?s={search_term_string}\"},\"query-input\":{\"@type\":\"PropertyValueSpecification\",\"valueRequired\":true,\"valueName\":\"search_term_string\"}}],\"inLanguage\":\"es\"},{\"@type\":\"Organization\",\"@id\":\"https:\/\/comatonline.com\/es\/#organization\",\"name\":\"Comat Dairy Equipment\",\"alternateName\":\"Machines for mozzarella, pizza cheese and string cheese\",\"url\":\"https:\/\/comatonline.com\/es\/\",\"logo\":{\"@type\":\"ImageObject\",\"inLanguage\":\"es\",\"@id\":\"https:\/\/comatonline.com\/es\/#\/schema\/logo\/image\/\",\"url\":\"https:\/\/comatonline.com\/wp-content\/uploads\/2023\/10\/hp-comat-2.jpg\",\"contentUrl\":\"https:\/\/comatonline.com\/wp-content\/uploads\/2023\/10\/hp-comat-2.jpg\",\"width\":696,\"height\":696,\"caption\":\"Comat Dairy Equipment\"},\"image\":{\"@id\":\"https:\/\/comatonline.com\/es\/#\/schema\/logo\/image\/\"},\"sameAs\":[\"https:\/\/www.facebook.com\/comatmachinery\",\"https:\/\/www.linkedin.com\/company\/comatgroup\/\",\"https:\/\/www.instagram.com\/comat_group\/\",\"https:\/\/www.youtube.com\/user\/comatdairyequipment\"]}]}<\/script>\n<!-- \/ Yoast SEO plugin. -->","yoast_head_json":{"title":"Informaci\u00f3n requerida - COMAT","robots":{"index":"index","follow":"follow","max-snippet":"max-snippet:-1","max-image-preview":"max-image-preview:large","max-video-preview":"max-video-preview:-1"},"canonical":"https:\/\/comatonline.com\/es\/informacion-requerida\/","og_locale":"es_ES","og_type":"article","og_title":"Informaci\u00f3n requerida - COMAT","og_description":"Informaci\u00f3n requerida \u00bfCOMO PODEMOS AYUDARTE? Para solicitar una explicaci\u00f3n sobre nuestras m\u00e1quinas nuevas y\/o usadas, costos, caracter\u00edsticas espec\u00edficas o lo que sea, puede enviar una solicitud utilizando el siguiente formulario. Le contestaremos lo antes posible. Rellene el formulario Le contestaremos lo antes posible. Solicitud gen\u00e9ricaMe gustar\u00eda conocer precios y caracter\u00edsticas de las m\u00e1quinas\/l\u00edneasMe gustar\u00eda contactar [&hellip;]","og_url":"https:\/\/comatonline.com\/es\/informacion-requerida\/","og_site_name":"COMAT","article_publisher":"https:\/\/www.facebook.com\/comatmachinery","article_modified_time":"2023-11-07T10:36:01+00:00","og_image":[{"width":1200,"height":675,"url":"https:\/\/comatonline.com\/wp-content\/uploads\/2023\/10\/hp-comat.jpg","type":"image\/jpeg"}],"schema":{"@context":"https:\/\/schema.org","@graph":[{"@type":"WebPage","@id":"https:\/\/comatonline.com\/es\/informacion-requerida\/","url":"https:\/\/comatonline.com\/es\/informacion-requerida\/","name":"Informaci\u00f3n requerida - COMAT","isPartOf":{"@id":"https:\/\/comatonline.com\/es\/#website"},"datePublished":"2023-11-06T12:20:35+00:00","dateModified":"2023-11-07T10:36:01+00:00","breadcrumb":{"@id":"https:\/\/comatonline.com\/es\/informacion-requerida\/#breadcrumb"},"inLanguage":"es","potentialAction":[{"@type":"ReadAction","target":["https:\/\/comatonline.com\/es\/informacion-requerida\/"]}]},{"@type":"BreadcrumbList","@id":"https:\/\/comatonline.com\/es\/informacion-requerida\/#breadcrumb","itemListElement":[{"@type":"ListItem","position":1,"name":"Home","item":"https:\/\/comatonline.com\/es\/"},{"@type":"ListItem","position":2,"name":"Informaci\u00f3n requerida"}]},{"@type":"WebSite","@id":"https:\/\/comatonline.com\/es\/#website","url":"https:\/\/comatonline.com\/es\/","name":"Comat Dairy Equipment","description":"machines for mozzarella, pizza cheese and string cheese","publisher":{"@id":"https:\/\/comatonline.com\/es\/#organization"},"alternateName":"Machines for mozzarella, pizza cheese and string cheese","potentialAction":[{"@type":"SearchAction","target":{"@type":"EntryPoint","urlTemplate":"https:\/\/comatonline.com\/es\/?s={search_term_string}"},"query-input":{"@type":"PropertyValueSpecification","valueRequired":true,"valueName":"search_term_string"}}],"inLanguage":"es"},{"@type":"Organization","@id":"https:\/\/comatonline.com\/es\/#organization","name":"Comat Dairy Equipment","alternateName":"Machines for mozzarella, pizza cheese and string cheese","url":"https:\/\/comatonline.com\/es\/","logo":{"@type":"ImageObject","inLanguage":"es","@id":"https:\/\/comatonline.com\/es\/#\/schema\/logo\/image\/","url":"https:\/\/comatonline.com\/wp-content\/uploads\/2023\/10\/hp-comat-2.jpg","contentUrl":"https:\/\/comatonline.com\/wp-content\/uploads\/2023\/10\/hp-comat-2.jpg","width":696,"height":696,"caption":"Comat Dairy Equipment"},"image":{"@id":"https:\/\/comatonline.com\/es\/#\/schema\/logo\/image\/"},"sameAs":["https:\/\/www.facebook.com\/comatmachinery","https:\/\/www.linkedin.com\/company\/comatgroup\/","https:\/\/www.instagram.com\/comat_group\/","https:\/\/www.youtube.com\/user\/comatdairyequipment"]}]}},"_links":{"self":[{"href":"https:\/\/comatonline.com\/es\/wp-json\/wp\/v2\/pages\/19158","targetHints":{"allow":["GET"]}}],"collection":[{"href":"https:\/\/comatonline.com\/es\/wp-json\/wp\/v2\/pages"}],"about":[{"href":"https:\/\/comatonline.com\/es\/wp-json\/wp\/v2\/types\/page"}],"author":[{"embeddable":true,"href":"https:\/\/comatonline.com\/es\/wp-json\/wp\/v2\/users\/1"}],"replies":[{"embeddable":true,"href":"https:\/\/comatonline.com\/es\/wp-json\/wp\/v2\/comments?post=19158"}],"version-history":[{"count":4,"href":"https:\/\/comatonline.com\/es\/wp-json\/wp\/v2\/pages\/19158\/revisions"}],"predecessor-version":[{"id":19163,"href":"https:\/\/comatonline.com\/es\/wp-json\/wp\/v2\/pages\/19158\/revisions\/19163"}],"wp:attachment":[{"href":"https:\/\/comatonline.com\/es\/wp-json\/wp\/v2\/media?parent=19158"}],"curies":[{"name":"wp","href":"https:\/\/api.w.org\/{rel}","templated":true}]}}