{"id":18981,"date":"2023-11-06T13:20:36","date_gmt":"2023-11-06T12:20:36","guid":{"rendered":"https:\/\/comatonline.com\/?page_id=18981"},"modified":"2026-03-20T00:46:03","modified_gmt":"2026-03-19T23:46:03","slug":"contactenos","status":"publish","type":"page","link":"https:\/\/comatonline.com\/es\/contactenos\/","title":{"rendered":"Contactenos"},"content":{"rendered":"\t\t<div data-elementor-type=\"wp-page\" data-elementor-id=\"18981\" data-post-id=\"18981\" data-obj-id=\"18981\" class=\"elementor elementor-18981 dce-elementor-post-18981 elementor-2738\">\n\t\t\t\t\t\t\t\t\t<section class=\"elementor-section elementor-top-section elementor-element elementor-element-cd5ce42 elementor-section-full_width elementor-section-height-default elementor-section-height-default\" data-id=\"cd5ce42\" data-element_type=\"section\" data-settings=\"{&quot;background_background&quot;:&quot;classic&quot;,&quot;jet_parallax_layout_list&quot;:[]}\">\n\t\t\t\t\t\t\t<div class=\"elementor-background-overlay\"><\/div>\n\t\t\t\t\t\t\t<div class=\"elementor-container elementor-column-gap-default\">\n\t\t\t\t\t<div class=\"elementor-column elementor-col-100 elementor-top-column elementor-element elementor-element-da95400\" data-id=\"da95400\" data-element_type=\"column\">\n\t\t\t<div class=\"elementor-widget-wrap\">\n\t\t\t\t\t\t\t\t\t<\/div>\n\t\t<\/div>\n\t\t\t\t\t\t\t<\/div>\n\t\t<\/section>\n\t\t\t\t<section class=\"elementor-section elementor-top-section elementor-element elementor-element-5bb2179 elementor-section-boxed elementor-section-height-default elementor-section-height-default\" data-id=\"5bb2179\" data-element_type=\"section\" data-settings=\"{&quot;jet_parallax_layout_list&quot;:[]}\">\n\t\t\t\t\t\t<div class=\"elementor-container elementor-column-gap-default\">\n\t\t\t\t\t<div class=\"elementor-column elementor-col-100 elementor-top-column elementor-element elementor-element-6e26206\" data-id=\"6e26206\" data-element_type=\"column\">\n\t\t\t<div class=\"elementor-widget-wrap elementor-element-populated\">\n\t\t\t\t\t\t\t\t<div class=\"elementor-element elementor-element-0c74cde elementor-widget elementor-widget-breadcrumbs\" data-id=\"0c74cde\" data-element_type=\"widget\" data-widget_type=\"breadcrumbs.default\">\n\t\t\t\t<div class=\"elementor-widget-container\">\n\t\t\t<p id=\"breadcrumbs\"><span><span><a href=\"https:\/\/comatonline.com\/es\/\">Home<\/a><\/span><\/span><\/p>\t\t<\/div>\n\t\t\t\t<\/div>\n\t\t\t\t\t<\/div>\n\t\t<\/div>\n\t\t\t\t\t\t\t<\/div>\n\t\t<\/section>\n\t\t\t\t<section class=\"elementor-section elementor-top-section elementor-element elementor-element-3c7605c elementor-section-boxed elementor-section-height-default elementor-section-height-default\" data-id=\"3c7605c\" data-element_type=\"section\" data-settings=\"{&quot;background_background&quot;:&quot;classic&quot;,&quot;jet_parallax_layout_list&quot;:[]}\">\n\t\t\t\t\t\t<div class=\"elementor-container elementor-column-gap-default\">\n\t\t\t\t\t<div class=\"elementor-column elementor-col-50 elementor-top-column elementor-element elementor-element-1f66bde\" data-id=\"1f66bde\" data-element_type=\"column\">\n\t\t\t<div class=\"elementor-widget-wrap elementor-element-populated\">\n\t\t\t\t\t\t\t\t<div class=\"elementor-element elementor-element-614dd23 aleft elementor-widget elementor-widget-wgl-double-heading\" data-id=\"614dd23\" data-element_type=\"widget\" data-widget_type=\"wgl-double-heading.default\">\n\t\t\t\t<div class=\"elementor-widget-container\">\n\t\t\t<div class=\"wgl-double-heading\"><h3 class=\"dblh__title-wrapper\"><span class=\"dblh__title dblh__title-1\">P\u00f3ngase en contacto con nosotros<\/span><\/h3><\/div>\t\t<\/div>\n\t\t\t\t<\/div>\n\t\t\t\t<div class=\"elementor-element elementor-element-791215f divider-yes aleft elementor-widget elementor-widget-wgl-double-heading\" data-id=\"791215f\" data-element_type=\"widget\" data-widget_type=\"wgl-double-heading.default\">\n\t\t\t\t<div class=\"elementor-widget-container\">\n\t\t\t<div class=\"wgl-double-heading\"><div class=\"dblh__subtitle\"><span>\u00bfCOMO PODEMOS AYUDARTE?<\/span><\/div><div class=\"dblh__divider\"><\/div><\/div>\t\t<\/div>\n\t\t\t\t<\/div>\n\t\t\t\t<div class=\"elementor-element elementor-element-bfe1929 aleft elementor-widget elementor-widget-wgl-double-heading\" data-id=\"bfe1929\" data-element_type=\"widget\" data-widget_type=\"wgl-double-heading.default\">\n\t\t\t\t<div class=\"elementor-widget-container\">\n\t\t\t<div class=\"wgl-double-heading\"><h3 class=\"dblh__title-wrapper\"><span class=\"dblh__title dblh__title-1\">OFICINA ITALIA<\/span><span class=\"dblh__title dblh__title-2\"><br>OFICINA PRINCIPAL<\/span><\/h3><\/div>\t\t<\/div>\n\t\t\t\t<\/div>\n\t\t\t\t<div class=\"elementor-element elementor-element-8b1b8b9 elementor-view-default elementor-widget__width-initial aleft elementor-widget-icon-box wgl-icon-box elementor-widget elementor-widget-wgl-info-box\" data-id=\"8b1b8b9\" data-element_type=\"widget\" data-widget_type=\"wgl-info-box.default\">\n\t\t\t\t<div class=\"elementor-widget-container\">\n\t\t\t<div class=\"wgl-infobox\"><div class=\"wgl-infobox_wrapper wgl-layout-left\"><div class=\"media-wrapper icon-wrapper\"><span class=\"wgl-icon\" ><i class=\"icon elementor-icon flaticon flaticon-placeholder-1\" aria-hidden=\"true\"><\/i><\/span><\/div><div class=\"content_wrapper\"><div class=\"wgl-infobox-title_wrapper\"><\/div><div class=\"wgl-infobox_content\"><p><span>Via dell\u2019Artigianato, 2<\/span><br \/><span>84092 Bellizzi (SA) | ITALY<\/span><\/p><\/div><\/div><\/div><\/div>\t\t<\/div>\n\t\t\t\t<\/div>\n\t\t\t\t<div class=\"elementor-element elementor-element-c0e4008 elementor-view-default elementor-widget__width-initial aleft elementor-widget-icon-box wgl-icon-box elementor-widget elementor-widget-wgl-info-box\" data-id=\"c0e4008\" data-element_type=\"widget\" data-widget_type=\"wgl-info-box.default\">\n\t\t\t\t<div class=\"elementor-widget-container\">\n\t\t\t<div class=\"wgl-infobox\"><div class=\"wgl-infobox_wrapper wgl-layout-left\"><div class=\"media-wrapper icon-wrapper\"><span class=\"wgl-icon\" ><i class=\"icon elementor-icon fas fa-info-circle\" aria-hidden=\"true\"><\/i><\/span><\/div><div class=\"content_wrapper\"><div class=\"wgl-infobox-title_wrapper\"><\/div><div class=\"wgl-infobox_content\"><p><span>\u00a0(+39) 0828 547.040<br \/><a href=\"mailto:info@comatonline.com\">info@comatonline.com<\/a><br \/><\/span><\/p><\/div><\/div><\/div><\/div>\t\t<\/div>\n\t\t\t\t<\/div>\n\t\t\t\t<div class=\"elementor-element elementor-element-dab298d elementor-view-default elementor-widget__width-initial aleft elementor-widget-icon-box wgl-icon-box elementor-widget elementor-widget-wgl-info-box\" data-id=\"dab298d\" data-element_type=\"widget\" data-widget_type=\"wgl-info-box.default\">\n\t\t\t\t<div class=\"elementor-widget-container\">\n\t\t\t<div class=\"wgl-infobox\"><div class=\"wgl-infobox_wrapper wgl-layout-left\"><div class=\"media-wrapper icon-wrapper\"><\/div><div class=\"content_wrapper\"><div class=\"wgl-infobox-title_wrapper\"><div class=\"wgl-infobox_subtitle\">Departamento de Ventas para el mercado de Italia<\/div><\/div><div class=\"wgl-infobox_content\"><p><a href=\"mailto:comatitalia@comatonline.com\">comatitalia@comatonline.com<\/a><\/p><\/div><\/div><\/div><\/div>\t\t<\/div>\n\t\t\t\t<\/div>\n\t\t\t\t<div class=\"elementor-element elementor-element-4aeeafd elementor-view-default elementor-widget__width-initial aleft elementor-widget-icon-box wgl-icon-box elementor-widget elementor-widget-wgl-info-box\" data-id=\"4aeeafd\" data-element_type=\"widget\" data-widget_type=\"wgl-info-box.default\">\n\t\t\t\t<div class=\"elementor-widget-container\">\n\t\t\t<div class=\"wgl-infobox\"><div class=\"wgl-infobox_wrapper wgl-layout-left\"><div class=\"media-wrapper icon-wrapper\"><\/div><div class=\"content_wrapper\"><div class=\"wgl-infobox-title_wrapper\"><div class=\"wgl-infobox_subtitle\">Departamento de Ventas para el mercado exterior<\/div><\/div><div class=\"wgl-infobox_content\"><p><a href=\"mailto:sales@comatonline.com\">sales@comatonline.com<\/a><\/p><\/div><\/div><\/div><\/div>\t\t<\/div>\n\t\t\t\t<\/div>\n\t\t\t\t<div class=\"elementor-element elementor-element-f6591a4 elementor-view-default elementor-widget__width-initial aleft elementor-widget-icon-box wgl-icon-box elementor-widget elementor-widget-wgl-info-box\" data-id=\"f6591a4\" data-element_type=\"widget\" data-widget_type=\"wgl-info-box.default\">\n\t\t\t\t<div class=\"elementor-widget-container\">\n\t\t\t<div class=\"wgl-infobox\"><div class=\"wgl-infobox_wrapper wgl-layout-left\"><div class=\"media-wrapper icon-wrapper\"><\/div><div class=\"content_wrapper\"><div class=\"wgl-infobox-title_wrapper\"><div class=\"wgl-infobox_subtitle\">Departamento de compras<\/div><\/div><div class=\"wgl-infobox_content\"><p><a href=\"mailto:acquisti@comatonline.com\">acquisti@comatonline.com<\/a><\/p><\/div><\/div><\/div><\/div>\t\t<\/div>\n\t\t\t\t<\/div>\n\t\t\t\t<div class=\"elementor-element elementor-element-8d605de elementor-view-default elementor-widget__width-initial aleft elementor-widget-icon-box wgl-icon-box elementor-widget elementor-widget-wgl-info-box\" data-id=\"8d605de\" data-element_type=\"widget\" data-widget_type=\"wgl-info-box.default\">\n\t\t\t\t<div class=\"elementor-widget-container\">\n\t\t\t<div class=\"wgl-infobox\"><div class=\"wgl-infobox_wrapper wgl-layout-left\"><div class=\"media-wrapper icon-wrapper\"><\/div><div class=\"content_wrapper\"><div class=\"wgl-infobox-title_wrapper\"><div class=\"wgl-infobox_subtitle\">Asistencia T\u00e9cnica, I+D<\/div><\/div><div class=\"wgl-infobox_content\"><p><a href=\"_wp_link_placeholder\" data-wplink-edit=\"true\">tecservice@comatonline.com<\/a><\/p><\/div><\/div><\/div><\/div>\t\t<\/div>\n\t\t\t\t<\/div>\n\t\t\t\t\t<\/div>\n\t\t<\/div>\n\t\t\t\t<div class=\"elementor-column elementor-col-50 elementor-top-column elementor-element elementor-element-4728a79\" data-id=\"4728a79\" data-element_type=\"column\" data-settings=\"{&quot;background_background&quot;:&quot;classic&quot;}\">\n\t\t\t<div class=\"elementor-widget-wrap elementor-element-populated\">\n\t\t\t\t\t\t\t\t<div class=\"elementor-element elementor-element-04e9527 elementor-widget elementor-widget-google_maps\" data-id=\"04e9527\" data-element_type=\"widget\" data-widget_type=\"google_maps.default\">\n\t\t\t\t<div class=\"elementor-widget-container\">\n\t\t\t\t\t<div class=\"elementor-custom-embed\">\n\t\t\t<iframe loading=\"lazy\"\n\t\t\t\t\tsrc=\"https:\/\/maps.google.com\/maps?q=Via%20dell%E2%80%99Artigianato%2C%202%2084092%20Bellizzi%20%28SA%29%20%7C%20ITALYVia%20dell%E2%80%99Artigianato%2C%202%2084092%20Bellizzi%20%28SA%29%20%7C%20ITALY&#038;t=m&#038;z=10&#038;output=embed&#038;iwloc=near\"\n\t\t\t\t\ttitle=\"Via dell\u2019Artigianato, 2 84092 Bellizzi (SA) | ITALYVia dell\u2019Artigianato, 2 84092 Bellizzi (SA) | ITALY\"\n\t\t\t\t\taria-label=\"Via dell\u2019Artigianato, 2 84092 Bellizzi (SA) | ITALYVia dell\u2019Artigianato, 2 84092 Bellizzi (SA) | ITALY\"\n\t\t\t><\/iframe>\n\t\t<\/div>\n\t\t\t\t<\/div>\n\t\t\t\t<\/div>\n\t\t\t\t\t<\/div>\n\t\t<\/div>\n\t\t\t\t\t\t\t<\/div>\n\t\t<\/section>\n\t\t\t\t<section class=\"elementor-section elementor-top-section elementor-element elementor-element-9a7d190 elementor-section-boxed elementor-section-height-default elementor-section-height-default\" data-id=\"9a7d190\" data-element_type=\"section\" data-settings=\"{&quot;background_background&quot;:&quot;classic&quot;,&quot;jet_parallax_layout_list&quot;:[]}\">\n\t\t\t\t\t\t<div class=\"elementor-container elementor-column-gap-default\">\n\t\t\t\t\t<div class=\"elementor-column elementor-col-50 elementor-top-column elementor-element elementor-element-d7c716b\" data-id=\"d7c716b\" data-element_type=\"column\">\n\t\t\t<div class=\"elementor-widget-wrap elementor-element-populated\">\n\t\t\t\t\t\t\t\t<div class=\"elementor-element elementor-element-a171ec2 aleft elementor-widget elementor-widget-wgl-double-heading\" data-id=\"a171ec2\" data-element_type=\"widget\" data-widget_type=\"wgl-double-heading.default\">\n\t\t\t\t<div class=\"elementor-widget-container\">\n\t\t\t<div class=\"wgl-double-heading\"><h3 class=\"dblh__title-wrapper\"><span class=\"dblh__title dblh__title-1\">OFICINA DE EE. UU.<\/span><span class=\"dblh__title dblh__title-2\"><br><\/span><\/h3><\/div>\t\t<\/div>\n\t\t\t\t<\/div>\n\t\t\t\t<div class=\"elementor-element elementor-element-301d6d6 elementor-view-default elementor-widget__width-initial aleft elementor-widget-icon-box wgl-icon-box elementor-widget elementor-widget-wgl-info-box\" data-id=\"301d6d6\" data-element_type=\"widget\" data-widget_type=\"wgl-info-box.default\">\n\t\t\t\t<div class=\"elementor-widget-container\">\n\t\t\t<div class=\"wgl-infobox\"><div class=\"wgl-infobox_wrapper wgl-layout-left\"><div class=\"media-wrapper icon-wrapper\"><span class=\"wgl-icon\" ><i class=\"icon elementor-icon flaticon flaticon-placeholder-1\" aria-hidden=\"true\"><\/i><\/span><\/div><div class=\"content_wrapper\"><div class=\"wgl-infobox-title_wrapper\"><\/div><div class=\"wgl-infobox_content\"><p class=\"v1MsoNormal\"><span>87 Wolcott St #3d, Brooklyn, NY 11231 | Stati Uniti<\/span><\/p><\/div><\/div><\/div><\/div>\t\t<\/div>\n\t\t\t\t<\/div>\n\t\t\t\t<div class=\"elementor-element elementor-element-3c744f5 elementor-view-default elementor-widget__width-initial aleft elementor-widget-icon-box wgl-icon-box elementor-widget elementor-widget-wgl-info-box\" data-id=\"3c744f5\" data-element_type=\"widget\" data-widget_type=\"wgl-info-box.default\">\n\t\t\t\t<div class=\"elementor-widget-container\">\n\t\t\t<div class=\"wgl-infobox\"><div class=\"wgl-infobox_wrapper wgl-layout-left\"><div class=\"media-wrapper icon-wrapper\"><span class=\"wgl-icon\" ><i class=\"icon elementor-icon fas fa-info-circle\" aria-hidden=\"true\"><\/i><\/span><\/div><div class=\"content_wrapper\"><div class=\"wgl-infobox-title_wrapper\"><\/div><div class=\"wgl-infobox_content\"><p><span>+1 646.651.3614<br \/><a href=\"mailto:usa@comatonline.com\">usa@comatonline.com<\/a><br \/><\/span><\/p><\/div><\/div><\/div><\/div>\t\t<\/div>\n\t\t\t\t<\/div>\n\t\t\t\t\t<\/div>\n\t\t<\/div>\n\t\t\t\t<div class=\"elementor-column elementor-col-50 elementor-top-column elementor-element elementor-element-a6f1028\" data-id=\"a6f1028\" data-element_type=\"column\" data-settings=\"{&quot;background_background&quot;:&quot;classic&quot;}\">\n\t\t\t<div class=\"elementor-widget-wrap elementor-element-populated\">\n\t\t\t\t\t\t\t\t<div class=\"elementor-element elementor-element-a827930 elementor-widget elementor-widget-google_maps\" data-id=\"a827930\" data-element_type=\"widget\" data-widget_type=\"google_maps.default\">\n\t\t\t\t<div class=\"elementor-widget-container\">\n\t\t\t\t\t<div class=\"elementor-custom-embed\">\n\t\t\t<iframe loading=\"lazy\"\n\t\t\t\t\tsrc=\"https:\/\/maps.google.com\/maps?q=87%20Wolcott%20st%20%2C%20%23%203D%2011231%20Brooklyn%20NY%C2%A0&#038;t=m&#038;z=10&#038;output=embed&#038;iwloc=near\"\n\t\t\t\t\ttitle=\"87 Wolcott st , # 3D 11231 Brooklyn NY\u00a0\"\n\t\t\t\t\taria-label=\"87 Wolcott st , # 3D 11231 Brooklyn NY\u00a0\"\n\t\t\t><\/iframe>\n\t\t<\/div>\n\t\t\t\t<\/div>\n\t\t\t\t<\/div>\n\t\t\t\t\t<\/div>\n\t\t<\/div>\n\t\t\t\t\t\t\t<\/div>\n\t\t<\/section>\n\t\t\t\t<section class=\"elementor-section elementor-top-section elementor-element elementor-element-1d0f428 elementor-section-boxed elementor-section-height-default elementor-section-height-default\" data-id=\"1d0f428\" data-element_type=\"section\" data-settings=\"{&quot;background_background&quot;:&quot;classic&quot;,&quot;jet_parallax_layout_list&quot;:[]}\">\n\t\t\t\t\t\t<div class=\"elementor-container elementor-column-gap-default\">\n\t\t\t\t\t<div class=\"elementor-column elementor-col-100 elementor-top-column elementor-element elementor-element-12ffc1b\" data-id=\"12ffc1b\" data-element_type=\"column\">\n\t\t\t<div class=\"elementor-widget-wrap elementor-element-populated\">\n\t\t\t\t\t\t\t\t<div class=\"elementor-element elementor-element-d630261 elementor-widget__width-initial divider-yes aleft elementor-widget elementor-widget-wgl-double-heading\" data-id=\"d630261\" data-element_type=\"widget\" data-widget_type=\"wgl-double-heading.default\">\n\t\t\t\t<div class=\"elementor-widget-container\">\n\t\t\t<div class=\"wgl-double-heading\"><div class=\"dblh__subtitle\"><span>PONERSE EN CONTACTO<\/span><\/div><div class=\"dblh__divider\"><\/div><h3 class=\"dblh__title-wrapper\"><span class=\"dblh__title dblh__title-1\">Solicita informaci\u00f3n, escr\u00edbenos y env\u00edanos un email<\/span><\/h3><\/div>\t\t<\/div>\n\t\t\t\t<\/div>\n\t\t\t\t<div class=\"jet-popup-target elementor-element elementor-element-229ec67 elementor-widget__width-initial elementor-widget-icon-box wgl-icon-box elementor-widget elementor-widget-wgl-button\" data-jet-popup=\"{&quot;attached-popup&quot;:&quot;jet-popup-18885&quot;,&quot;trigger-type&quot;:&quot;click-self&quot;,&quot;trigger-custom-selector&quot;:&quot;&quot;}\" data-id=\"229ec67\" data-element_type=\"widget\" data-widget_type=\"wgl-button.default\">\n\t\t\t\t<div class=\"elementor-widget-container\">\n\t\t\t<a  class=\"wgl-button btn-size-md \" role=\"button\"><div class=\"button__content align-icon-right\"><div class=\"media-wrapper icon-wrapper\"><span class=\"wgl-icon\" ><i class=\"icon elementor-icon flaticon flaticon-right-arrow\" aria-hidden=\"true\"><\/i><\/span><\/div><span class=\"button__text\">ENVIAR MENSAJE<\/span><\/div><\/a>\t\t<\/div>\n\t\t\t\t<\/div>\n\t\t\t\t<div class=\"elementor-element elementor-element-0f6f7de elementor-widget elementor-widget-spacer\" data-id=\"0f6f7de\" data-element_type=\"widget\" data-widget_type=\"spacer.default\">\n\t\t\t\t<div class=\"elementor-widget-container\">\n\t\t\t\t\t<div class=\"elementor-spacer\">\n\t\t\t<div class=\"elementor-spacer-inner\"><\/div>\n\t\t<\/div>\n\t\t\t\t<\/div>\n\t\t\t\t<\/div>\n\t\t\t\t\t<\/div>\n\t\t<\/div>\n\t\t\t\t\t\t\t<\/div>\n\t\t<\/section>\n\t\t\t\t\t\t\t<\/div>\n\t\t","protected":false},"excerpt":{"rendered":"<p>P\u00f3ngase en contacto con nosotros \u00bfCOMO PODEMOS AYUDARTE? OFICINA ITALIAOFICINA PRINCIPAL Via dell\u2019Artigianato, 284092 Bellizzi (SA) | ITALY \u00a0(+39) 0828 547.040info@comatonline.com Departamento de Ventas para el mercado de Italia comatitalia@comatonline.com Departamento de Ventas para el mercado exterior sales@comatonline.com Departamento de compras acquisti@comatonline.com Asistencia T\u00e9cnica, I+D tecservice@comatonline.com OFICINA DE EE. UU. 87 Wolcott St #3d, Brooklyn, [&hellip;]<\/p>\n","protected":false},"author":1,"featured_media":0,"parent":0,"menu_order":113,"comment_status":"closed","ping_status":"closed","template":"elementor_header_footer","meta":{"footnotes":""},"class_list":["post-18981","page","type-page","status-publish","hentry"],"acf":[],"yoast_head":"<!-- This site is optimized with the Yoast SEO plugin v25.4 - https:\/\/yoast.com\/wordpress\/plugins\/seo\/ -->\n<title>Contactenos - COMAT<\/title>\n<meta name=\"robots\" content=\"index, follow, max-snippet:-1, max-image-preview:large, max-video-preview:-1\" \/>\n<link rel=\"canonical\" href=\"https:\/\/comatonline.com\/es\/contactenos\/\" \/>\n<meta property=\"og:locale\" content=\"es_ES\" \/>\n<meta property=\"og:type\" content=\"article\" \/>\n<meta property=\"og:title\" content=\"Contactenos - COMAT\" \/>\n<meta property=\"og:description\" content=\"P\u00f3ngase en contacto con nosotros \u00bfCOMO PODEMOS AYUDARTE? OFICINA ITALIAOFICINA PRINCIPAL Via dell\u2019Artigianato, 284092 Bellizzi (SA) | ITALY \u00a0(+39) 0828 547.040info@comatonline.com Departamento de Ventas para el mercado de Italia comatitalia@comatonline.com Departamento de Ventas para el mercado exterior sales@comatonline.com Departamento de compras acquisti@comatonline.com Asistencia T\u00e9cnica, I+D tecservice@comatonline.com OFICINA DE EE. UU. 87 Wolcott St #3d, Brooklyn, [&hellip;]\" \/>\n<meta property=\"og:url\" content=\"https:\/\/comatonline.com\/es\/contactenos\/\" \/>\n<meta property=\"og:site_name\" content=\"COMAT\" \/>\n<meta property=\"article:publisher\" content=\"https:\/\/www.facebook.com\/comatmachinery\" \/>\n<meta property=\"article:modified_time\" content=\"2026-03-19T23:46:03+00:00\" \/>\n<meta property=\"og:image\" content=\"https:\/\/comatonline.com\/wp-content\/uploads\/2023\/10\/hp-comat.jpg\" \/>\n\t<meta property=\"og:image:width\" content=\"1200\" \/>\n\t<meta property=\"og:image:height\" content=\"675\" \/>\n\t<meta property=\"og:image:type\" content=\"image\/jpeg\" \/>\n<script type=\"application\/ld+json\" class=\"yoast-schema-graph\">{\"@context\":\"https:\/\/schema.org\",\"@graph\":[{\"@type\":\"WebPage\",\"@id\":\"https:\/\/comatonline.com\/es\/contactenos\/\",\"url\":\"https:\/\/comatonline.com\/es\/contactenos\/\",\"name\":\"Contactenos - COMAT\",\"isPartOf\":{\"@id\":\"https:\/\/comatonline.com\/es\/#website\"},\"datePublished\":\"2023-11-06T12:20:36+00:00\",\"dateModified\":\"2026-03-19T23:46:03+00:00\",\"breadcrumb\":{\"@id\":\"https:\/\/comatonline.com\/es\/contactenos\/#breadcrumb\"},\"inLanguage\":\"es\",\"potentialAction\":[{\"@type\":\"ReadAction\",\"target\":[\"https:\/\/comatonline.com\/es\/contactenos\/\"]}]},{\"@type\":\"BreadcrumbList\",\"@id\":\"https:\/\/comatonline.com\/es\/contactenos\/#breadcrumb\",\"itemListElement\":[{\"@type\":\"ListItem\",\"position\":1,\"name\":\"Home\",\"item\":\"https:\/\/comatonline.com\/es\/\"},{\"@type\":\"ListItem\",\"position\":2,\"name\":\"Contactenos\"}]},{\"@type\":\"WebSite\",\"@id\":\"https:\/\/comatonline.com\/es\/#website\",\"url\":\"https:\/\/comatonline.com\/es\/\",\"name\":\"Comat Dairy Equipment\",\"description\":\"machines for mozzarella, pizza cheese and string cheese\",\"publisher\":{\"@id\":\"https:\/\/comatonline.com\/es\/#organization\"},\"alternateName\":\"Machines for mozzarella, pizza cheese and string cheese\",\"potentialAction\":[{\"@type\":\"SearchAction\",\"target\":{\"@type\":\"EntryPoint\",\"urlTemplate\":\"https:\/\/comatonline.com\/es\/?s={search_term_string}\"},\"query-input\":{\"@type\":\"PropertyValueSpecification\",\"valueRequired\":true,\"valueName\":\"search_term_string\"}}],\"inLanguage\":\"es\"},{\"@type\":\"Organization\",\"@id\":\"https:\/\/comatonline.com\/es\/#organization\",\"name\":\"Comat Dairy Equipment\",\"alternateName\":\"Machines for mozzarella, pizza cheese and string cheese\",\"url\":\"https:\/\/comatonline.com\/es\/\",\"logo\":{\"@type\":\"ImageObject\",\"inLanguage\":\"es\",\"@id\":\"https:\/\/comatonline.com\/es\/#\/schema\/logo\/image\/\",\"url\":\"https:\/\/comatonline.com\/wp-content\/uploads\/2023\/10\/hp-comat-2.jpg\",\"contentUrl\":\"https:\/\/comatonline.com\/wp-content\/uploads\/2023\/10\/hp-comat-2.jpg\",\"width\":696,\"height\":696,\"caption\":\"Comat Dairy Equipment\"},\"image\":{\"@id\":\"https:\/\/comatonline.com\/es\/#\/schema\/logo\/image\/\"},\"sameAs\":[\"https:\/\/www.facebook.com\/comatmachinery\",\"https:\/\/www.linkedin.com\/company\/comatgroup\/\",\"https:\/\/www.instagram.com\/comat_group\/\",\"https:\/\/www.youtube.com\/user\/comatdairyequipment\"]}]}<\/script>\n<!-- \/ Yoast SEO plugin. -->","yoast_head_json":{"title":"Contactenos - COMAT","robots":{"index":"index","follow":"follow","max-snippet":"max-snippet:-1","max-image-preview":"max-image-preview:large","max-video-preview":"max-video-preview:-1"},"canonical":"https:\/\/comatonline.com\/es\/contactenos\/","og_locale":"es_ES","og_type":"article","og_title":"Contactenos - COMAT","og_description":"P\u00f3ngase en contacto con nosotros \u00bfCOMO PODEMOS AYUDARTE? OFICINA ITALIAOFICINA PRINCIPAL Via dell\u2019Artigianato, 284092 Bellizzi (SA) | ITALY \u00a0(+39) 0828 547.040info@comatonline.com Departamento de Ventas para el mercado de Italia comatitalia@comatonline.com Departamento de Ventas para el mercado exterior sales@comatonline.com Departamento de compras acquisti@comatonline.com Asistencia T\u00e9cnica, I+D tecservice@comatonline.com OFICINA DE EE. UU. 87 Wolcott St #3d, Brooklyn, [&hellip;]","og_url":"https:\/\/comatonline.com\/es\/contactenos\/","og_site_name":"COMAT","article_publisher":"https:\/\/www.facebook.com\/comatmachinery","article_modified_time":"2026-03-19T23:46:03+00:00","og_image":[{"width":1200,"height":675,"url":"https:\/\/comatonline.com\/wp-content\/uploads\/2023\/10\/hp-comat.jpg","type":"image\/jpeg"}],"schema":{"@context":"https:\/\/schema.org","@graph":[{"@type":"WebPage","@id":"https:\/\/comatonline.com\/es\/contactenos\/","url":"https:\/\/comatonline.com\/es\/contactenos\/","name":"Contactenos - COMAT","isPartOf":{"@id":"https:\/\/comatonline.com\/es\/#website"},"datePublished":"2023-11-06T12:20:36+00:00","dateModified":"2026-03-19T23:46:03+00:00","breadcrumb":{"@id":"https:\/\/comatonline.com\/es\/contactenos\/#breadcrumb"},"inLanguage":"es","potentialAction":[{"@type":"ReadAction","target":["https:\/\/comatonline.com\/es\/contactenos\/"]}]},{"@type":"BreadcrumbList","@id":"https:\/\/comatonline.com\/es\/contactenos\/#breadcrumb","itemListElement":[{"@type":"ListItem","position":1,"name":"Home","item":"https:\/\/comatonline.com\/es\/"},{"@type":"ListItem","position":2,"name":"Contactenos"}]},{"@type":"WebSite","@id":"https:\/\/comatonline.com\/es\/#website","url":"https:\/\/comatonline.com\/es\/","name":"Comat Dairy Equipment","description":"machines for mozzarella, pizza cheese and string cheese","publisher":{"@id":"https:\/\/comatonline.com\/es\/#organization"},"alternateName":"Machines for mozzarella, pizza cheese and string cheese","potentialAction":[{"@type":"SearchAction","target":{"@type":"EntryPoint","urlTemplate":"https:\/\/comatonline.com\/es\/?s={search_term_string}"},"query-input":{"@type":"PropertyValueSpecification","valueRequired":true,"valueName":"search_term_string"}}],"inLanguage":"es"},{"@type":"Organization","@id":"https:\/\/comatonline.com\/es\/#organization","name":"Comat Dairy Equipment","alternateName":"Machines for mozzarella, pizza cheese and string cheese","url":"https:\/\/comatonline.com\/es\/","logo":{"@type":"ImageObject","inLanguage":"es","@id":"https:\/\/comatonline.com\/es\/#\/schema\/logo\/image\/","url":"https:\/\/comatonline.com\/wp-content\/uploads\/2023\/10\/hp-comat-2.jpg","contentUrl":"https:\/\/comatonline.com\/wp-content\/uploads\/2023\/10\/hp-comat-2.jpg","width":696,"height":696,"caption":"Comat Dairy Equipment"},"image":{"@id":"https:\/\/comatonline.com\/es\/#\/schema\/logo\/image\/"},"sameAs":["https:\/\/www.facebook.com\/comatmachinery","https:\/\/www.linkedin.com\/company\/comatgroup\/","https:\/\/www.instagram.com\/comat_group\/","https:\/\/www.youtube.com\/user\/comatdairyequipment"]}]}},"_links":{"self":[{"href":"https:\/\/comatonline.com\/es\/wp-json\/wp\/v2\/pages\/18981","targetHints":{"allow":["GET"]}}],"collection":[{"href":"https:\/\/comatonline.com\/es\/wp-json\/wp\/v2\/pages"}],"about":[{"href":"https:\/\/comatonline.com\/es\/wp-json\/wp\/v2\/types\/page"}],"author":[{"embeddable":true,"href":"https:\/\/comatonline.com\/es\/wp-json\/wp\/v2\/users\/1"}],"replies":[{"embeddable":true,"href":"https:\/\/comatonline.com\/es\/wp-json\/wp\/v2\/comments?post=18981"}],"version-history":[{"count":10,"href":"https:\/\/comatonline.com\/es\/wp-json\/wp\/v2\/pages\/18981\/revisions"}],"predecessor-version":[{"id":30979,"href":"https:\/\/comatonline.com\/es\/wp-json\/wp\/v2\/pages\/18981\/revisions\/30979"}],"wp:attachment":[{"href":"https:\/\/comatonline.com\/es\/wp-json\/wp\/v2\/media?parent=18981"}],"curies":[{"name":"wp","href":"https:\/\/api.w.org\/{rel}","templated":true}]}}